{"id":57,"date":"2019-12-02T18:37:59","date_gmt":"2019-12-02T16:37:59","guid":{"rendered":"http:\/\/localhost\/wordpress\/?page_id=57"},"modified":"2022-02-01T12:04:03","modified_gmt":"2022-02-01T09:04:03","slug":"saannot","status":"publish","type":"page","link":"https:\/\/www.muinaismuistoyhdistys.fi\/index.php\/yhdistys\/saannot\/","title":{"rendered":"Yhdistyksen s\u00e4\u00e4nn\u00f6t"},"content":{"rendered":"\n<h2 class=\"wp-block-heading\" id=\"suomen-muinaismuistoyhdistys-ry-n-saannot\">Suomen muinaismuistoyhdistys ry:n s\u00e4\u00e4nn\u00f6t<\/h2>\n\n\n\n<p>NIMI JA KOTIPAIKKA 1 \u00a7<\/p>\n\n\n\n<p>Yhdistyksen nimi on Suomen Muinaismuistoyhdistys ry ja sen kotipaikka on Helsingin kaupunki. Yhdistys on sek\u00e4 suomen- ett\u00e4 ruotsinkielinen.<\/p>\n\n\n\n<p>TARKOITUS 2 \u00a7<\/p>\n\n\n\n<p>Yhdistyksen tarkoituksena on edist\u00e4\u00e4 Suomen maan ja kansan sek\u00e4 Suomen suvun ja sen asuma-alueiden sek\u00e4 mahdollisuuden mukaan muiden kansojen ja alueiden muinaisuutta valaisevia muinaistieteellisi\u00e4, kansatieteellisi\u00e4, taidehistoriallisia ja kulttuurihistoriallisia tutkimuksia, levitt\u00e4\u00e4 tietoja oman maan muinaisj\u00e4\u00e4nn\u00f6ksist\u00e4 ja osaltaan vaikuttaa niiden suojelemiseen sek\u00e4 her\u00e4tt\u00e4\u00e4 ja pit\u00e4\u00e4 vireill\u00e4 kansan harrastusta muinaismuistoihinsa.<\/p>\n\n\n\n<div class=\"wp-block-image\"><figure class=\"alignleft size-full\"><img decoding=\"async\" loading=\"lazy\" width=\"394\" height=\"295\" src=\"http:\/\/www.muinaismuistoyhdistys.fi\/wp-content\/uploads\/2021\/04\/Saannot.jpg\" alt=\"\" class=\"wp-image-270\" srcset=\"https:\/\/www.muinaismuistoyhdistys.fi\/wp-content\/uploads\/2021\/04\/Saannot.jpg 394w, https:\/\/www.muinaismuistoyhdistys.fi\/wp-content\/uploads\/2021\/04\/Saannot-300x225.jpg 300w\" sizes=\"(max-width: 394px) 100vw, 394px\" \/><figcaption>Yhdistyksen ensimm\u00e4iset s\u00e4\u00e4nn\u00f6t. Yhdistyksen tarkoitus on s\u00e4ilynyt samana vuodesta 1870.<\/figcaption><\/figure><\/div>\n\n\n\n<p>Tarkoitustaan yhdistys toteuttaa pit\u00e4m\u00e4ll\u00e4 kokouksia, j\u00e4rjest\u00e4m\u00e4ll\u00e4 esitelm\u00e4- ja selostustilaisuuksia sek\u00e4 harjoittamalla julkaisutoimintaa.<\/p>\n\n\n\n<p>Toimintansa tukemiseksi yhdistyksell\u00e4 on oikeus vastaanottaa testamentteja ja lahjoituksia, omistaa ja hallita toimintaansa varten tarpeellista kiinte\u00e4\u00e4 ja irtainta omaisuutta sek\u00e4 j\u00e4rjest\u00e4\u00e4 maksullisia luentotilaisuuksia.<\/p>\n\n\n\n<p>J\u00c4SENYYS 3 \u00a7<\/p>\n\n\n\n<p>Yhdistyksen j\u00e4senet hyv\u00e4ksyy yhdistyksen kokous. Yhdistyksen j\u00e4senet ovat joko a) maksavia j\u00e4seni\u00e4, b) ty\u00f6j\u00e4seni\u00e4, c) kirjeenvaihtajaj\u00e4seni\u00e4, d) ulkomaisia j\u00e4seni\u00e4 tai e) kunniaj\u00e4seni\u00e4.<\/p>\n\n\n\n<p>a) Maksavat j\u00e4senet ovat vuosij\u00e4seni\u00e4, ainaisj\u00e4seni\u00e4 tai lahjoittajaj\u00e4seni\u00e4, jotka maksavat kullekin j\u00e4senluokalle m\u00e4\u00e4r\u00e4tt\u00e4v\u00e4n j\u00e4senmaksun.<\/p>\n\n\n\n<p>b) Ty\u00f6j\u00e4senet valitaan vuosikokouksessa elinajakseen johtokunnalle osoitetun, kirjallisesti perustellun sek\u00e4 ty\u00f6j\u00e4senten neuvottelukunnan puoltaman ehdotuksen perusteella Suomen kansalaisista, jotka julkaisuillaan ovat osoittaneet omaavansa itsen\u00e4ist\u00e4 tutkimuskyky\u00e4 muinaistieteen, kansatieteen, taidehistorian tai kulttuurihistorian alalla. Heilt\u00e4 ei perit\u00e4 j\u00e4senmaksua. Ty\u00f6j\u00e4senten velvollisuuksista mainitaan 5 \u00a7:ss\u00e4. Ty\u00f6j\u00e4senten luku ei saa ylitt\u00e4\u00e4 kolmeakymment\u00e4; lukuun ei kuitenkaan lasketa 70 vuotta t\u00e4ytt\u00e4neit\u00e4 ty\u00f6j\u00e4seni\u00e4.<\/p>\n\n\n\n<p>c) Kirjeenvaihtajaj\u00e4seniksi, d) ulkomaisiksi j\u00e4seniksi ja e) kunniaj\u00e4seniksi yhdistys valitsee ty\u00f6j\u00e4senten neuvottelukunnan puoltaman ehdotuksen perusteella henkil\u00f6it\u00e4, joita se erityisesti tahtoo kunnioittaa. Heilt\u00e4 ei perit\u00e4 j\u00e4senmaksua.<\/p>\n\n\n\n<p>Kirjeenvaihtajaj\u00e4seniksi kutsutaan Suomen kansalaisia ja ulkomaisiksi j\u00e4seniksi ulkomaan kansalaisia. Kunniaj\u00e4seniksi kutsutaan niin suomalaisia kuin ulkomaalaisiakin.<\/p>\n\n\n\n<p>J\u00c4SENEDUT 4 \u00a7<\/p>\n\n\n\n<p>Vuosij\u00e4senet ja ainaisj\u00e4senet saavat yhdistykselt\u00e4 suoraan tilatessaan alennettuun hintaan yhdistyksen julkaisut. Lahjoittajaj\u00e4senet saavat maksutta kaikki ensimm\u00e4isest\u00e4 j\u00e4senyysvuodestaan alkaen ilmestyv\u00e4t yhdistyksen sarjajulkaisut sek\u00e4 yhdistykselt\u00e4 tilatessaan sen muut julkaisut alennettuun hintaan. Ty\u00f6j\u00e4senet, kirjeenvaihtajaj\u00e4senet, ulkomaiset j\u00e4senet ja kunniaj\u00e4senet saavat ensimm\u00e4isest\u00e4 j\u00e4senyysvuodestaan alkaen maksutta kaikki tutkimusalaansa liittyv\u00e4t yhdistyksen julkaisut.<\/p>\n\n\n\n<p>TY\u00d6J\u00c4SENTEN TEHT\u00c4V\u00c4T JA NEUVOTTELUKUNTA 5 \u00a7<\/p>\n\n\n\n<p>Ty\u00f6j\u00e4senet pit\u00e4v\u00e4t esitelmi\u00e4 ja esitt\u00e4v\u00e4t tiedonantoja yhdistyksen kokouksissa sek\u00e4 avustavat kukin erikoisalallaan johtokuntaa.<\/p>\n\n\n\n<p>Ty\u00f6j\u00e4senet muodostavat neuvottelukunnan, joka kokoontuu puheenjohtajan kutsusta ainakin kerran vuodessa ennen vuosikokousta. Se antaa lausuntonsa uusien ty\u00f6j\u00e4senten, kirjeenvaihtajaj\u00e4senten, ulkomaisten j\u00e4senten ja kunniaj\u00e4senten valitsemisesta sek\u00e4 k\u00e4sittelee johtokunnan sille osoittamia, yhdistykselle t\u00e4rkeit\u00e4 periaatteellisia kysymyksi\u00e4 ennen niiden alistamista yhdistyksen kokouksen ratkaistaviksi. Neuvottelukunta voi my\u00f6s tehd\u00e4 aloitteita, jotka johtokunnan on niit\u00e4 harkittuaan oman lausuntonsa ohella alistettava yhdistyksen kokouksen ratkaistaviksi.<\/p>\n\n\n\n<p>YHDISTYKSEST\u00c4 EROAMINEN JA EROTTAMINEN 6 \u00a7<\/p>\n\n\n\n<p>J\u00e4sen voi erota ilmoittamalla itse erostaan yhdistyksen kokoukselle tai ilmoittamalla erostaan kirjallisesti johtokunnalle tai sen puheenjohtajalle. J\u00e4sen voidaan katsoa eronneeksi, kun h\u00e4n on j\u00e4tt\u00e4nyt kolmen viimeksi kuluneen vuoden j\u00e4senmaksunsa suorittamatta.<\/p>\n\n\n\n<p>Yhdistyksen kokous voi erottaa j\u00e4senen, joka on toiminut yhdistyksen tarkoitusperien vastaisesti tai muuten vaikeuttanut yhdistyksen toimintaa.<\/p>\n\n\n\n<p>YHDISTYKSEN KOKOUS 7 \u00a7<\/p>\n\n\n\n<p>Yhdistys kokoontuu johtokunnan kutsusta. Yhdistyksen kokoukset ovat julkisia ja ne pidet\u00e4\u00e4n mahdollisuuksien mukaan kerran kuukaudessa ainakin seitsem\u00e4n kertaa vuodessa. Johtokunnan p\u00e4\u00e4t\u00f6ksell\u00e4 kokouksia voidaan pit\u00e4\u00e4 muillakin paikkakunnilla kuin Helsingiss\u00e4. Muista kuin vuosikokouksesta ilmoitetaan j\u00e4senille kirjallisesti v\u00e4hint\u00e4\u00e4n p\u00e4iv\u00e4\u00e4 ennen kokousta.<\/p>\n\n\n\n<p>Kokouksissa keskustellaan ja p\u00e4\u00e4tet\u00e4\u00e4n yhdistyksen asioista ja niiss\u00e4 voivat sek\u00e4 j\u00e4senet ett\u00e4 muut henkil\u00f6t tehd\u00e4 tieteellisi\u00e4 ilmoituksia. P\u00e4\u00e4t\u00f6ksiin ottavat osaa ainoastaan yhdistyksen j\u00e4senet.<\/p>\n\n\n\n<p>Yhdistys voidaan kutsua koolle ylim\u00e4\u00e4r\u00e4iseen kokoukseen yhdistyksen kokouksen tai johtokunnan p\u00e4\u00e4t\u00f6ksest\u00e4 tai jos v\u00e4hint\u00e4\u00e4n kymmenesosa (1\/10) yhdistyksen \u00e4\u00e4nioikeutetuista j\u00e4senist\u00e4 sit\u00e4 vaatii tietyn asian k\u00e4sittely\u00e4 varten.<\/p>\n\n\n\n<p>VUOSIKOKOUS 8 \u00a7<\/p>\n\n\n\n<p>Vuosikokous pidet\u00e4\u00e4n M. A. Castr\u00e9nin kuolinp\u00e4iv\u00e4n\u00e4 7. p\u00e4iv\u00e4n\u00e4 toukokuuta, tai esteen sattuessa muuna p\u00e4iv\u00e4n\u00e4 toukokuun toisella viikolla. Vuosikokouksesta ilmoitetaan v\u00e4hint\u00e4\u00e4n kahdessa sanomalehdess\u00e4 sek\u00e4 kirjeitse j\u00e4senille v\u00e4hint\u00e4\u00e4n 14 p\u00e4iv\u00e4\u00e4 ennen kokousta. Vuosikokouksessa pidet\u00e4\u00e4n juhlaesitelm\u00e4 ja k\u00e4sitell\u00e4\u00e4n seuraavat vuosikokousasiat:<\/p>\n\n\n\n<p>1) edellisen vuoden vuosikertomus ja tilinp\u00e4\u00e4t\u00f6s sek\u00e4 julkaisuvaraston hoitajan ja kirjastonhoitajan selonteot sek\u00e4 tilintarkastajien lausunto; p\u00e4\u00e4tet\u00e4\u00e4n tilinp\u00e4\u00e4t\u00f6ksen vahvistamisesta;<\/p>\n\n\n\n<p>2) p\u00e4\u00e4tet\u00e4\u00e4n tili- ja vastuuvapauden my\u00f6nt\u00e4misest\u00e4 johtokunnalle ja muille vastuuvelvollisille;<\/p>\n\n\n\n<p>3) valitaan uudet kunniaj\u00e4senet, ulkomaiset j\u00e4senet, ty\u00f6j\u00e4senet ja kirjeenvaihtajaj\u00e4senet;<\/p>\n\n\n\n<p>4) valitaan johtokunnan puheenjohtaja sek\u00e4 johtokunnan j\u00e4senet erovuoroisten tilalle;<\/p>\n\n\n\n<p>5) valitaan tilintarkastaja ja h\u00e4nelle varatilintarkastaja kuluvan vuoden hallintoa ja kirjanpitoa tarkastamaan. Yhdistykselle voidaan p\u00e4\u00e4tt\u00e4\u00e4 valita my\u00f6s toiminnantarkastaja; sek\u00e4<\/p>\n\n\n\n<p>6) k\u00e4sitell\u00e4\u00e4n muut vuosikokoukselle tehdyt esitykset.<\/p>\n\n\n\n<p>TOIMINTA- JA TILIKAUSI SEK\u00c4 TILINTARKASTUS 9 \u00a7<\/p>\n\n\n\n<p>Yhdistyksen toiminta- ja tilikausi on kalenterivuosi. Johtokunnan laatima alkavan toimikauden tulo- ja menoarvioehdotus sek\u00e4 ehdotus j\u00e4senmaksuksi esitett\u00e4\u00e4n helmikuun kokouksessa yhdistyksen hyv\u00e4ksytt\u00e4v\u00e4ksi. Johtokunnan on j\u00e4tett\u00e4v\u00e4 tilit viimeist\u00e4\u00e4n maaliskuun kuluessa tilintarkastajille.<\/p>\n\n\n\n<p>HALLINTO 10 \u00a7<\/p>\n\n\n\n<p>Yhdistyksen hallituksena on johtokunta, joka edustaa yhdistyst\u00e4 kaikissa sen asioissa, johtaa yhdistyksen tieteellist\u00e4, kirjallista ja taloudellista toimintaa sek\u00e4 valmistelee yhdistyksen kokouksissa k\u00e4sitelt\u00e4v\u00e4t asiat.<\/p>\n\n\n\n<p>Johtokunnan muodostavat kuusi j\u00e4sent\u00e4 ja puheenjohtaja, joista ainakin kolmen j\u00e4senen ja puheenjohtajan on oltava ty\u00f6j\u00e4seni\u00e4.<\/p>\n\n\n\n<p>Johtokunta valitaan vuosikokouksessa. Puheenjohtaja valitaan vuodeksi kerrallaan. J\u00e4senet valitaan kolmeksi vuodeksi siten, ett\u00e4 kaksi heist\u00e4 on kerrallaan erovuorossa vuosittain. Johtokunta valitsee keskuudestaan ty\u00f6j\u00e4senist\u00e4 varapuheenjohtajan vuodeksi kerrallaan. Johtokunnan j\u00e4senen erotessa kesken toimikautensa, valitaan h\u00e4nen tilalleen yhdistyksen kokouksessa uusi j\u00e4sen j\u00e4ljell\u00e4 olevaksi toimikaudeksi.<\/p>\n\n\n\n<p>Johtokunta on p\u00e4\u00e4t\u00f6svaltainen, kun puheenjohtaja tai varapuheenjohtaja ja nelj\u00e4 j\u00e4sent\u00e4 on l\u00e4sn\u00e4. Taloudellisia asioita k\u00e4sitelt\u00e4ess\u00e4 varainhoitajalla on puhevalta johtokunnan kokouksessa.<\/p>\n\n\n\n<p>Puheenjohtaja ja h\u00e4nen ollessaan estyneen\u00e4 varapuheenjohtaja johtaa sek\u00e4 yhdistyksen, johtokunnan ett\u00e4 ty\u00f6j\u00e4senten neuvottelukunnan kokouksia.<\/p>\n\n\n\n<p>VIRKAILIJAT 11 \u00a7<\/p>\n\n\n\n<p>Yhdistyksen virkailijat ovat sihteeri, varasihteeri, varainhoitaja, julkaisusihteeri ja kirjastonhoitaja. Heid\u00e4t ottaa ja vapauttaa toimestaan johtokunta.<\/p>\n\n\n\n<p>Sihteeri kutsuu puheenjohtajan m\u00e4\u00e4r\u00e4yksest\u00e4 kokoon johtokunnan ja ty\u00f6j\u00e4senten neuvottelukunnan, laatii yhdistyksen ja johtokunnan kokousten p\u00f6yt\u00e4kirjat, panee p\u00e4\u00e4t\u00f6kset toimeen ja laatii vuosikertomuksen, jonka johtokunta esitt\u00e4\u00e4 vuosikokoukselle. Sihteeri hoitaa yhdistyksen arkiston.<\/p>\n\n\n\n<p>Varainhoitaja hoitaa yhdistyksen rahavaroja taloudenhoitoa varten vahvistetun ohjes\u00e4\u00e4nn\u00f6n mukaan ja laatii tilinp\u00e4\u00e4t\u00f6ksen johtokunnan valvonnan alaisena.<\/p>\n\n\n\n<p>Kirjastonhoitaja luetteloi yhdistykselle saapuneen kirjallisuuden ja huolehtii yhdistyksen julkaisujen jakelusta yhteisty\u00f6ss\u00e4 julkaisusihteerin kanssa.<\/p>\n\n\n\n<p>Julkaisusihteeri koordinoi ja kehitt\u00e4\u00e4 yhdistyksen julkaisutoimintaa yhteisty\u00f6ss\u00e4 johtokunnan ja julkaisusarjojen toimittajien kanssa, huolehtii julkaisuvarastosta sek\u00e4 pit\u00e4\u00e4 huolta ilmestyneiden julkaisujen jakelusta ja myynnist\u00e4 yhteisty\u00f6ss\u00e4 muiden jakeluun ja myyntiin osallistuvien tahojen kanssa.<\/p>\n\n\n\n<p>NIMENKIRJOITUS 12 \u00a7<\/p>\n\n\n\n<p>Yhdistyksen nimen kirjoittavat puheenjohtaja ja sihteeri yhdess\u00e4 tai varapuheenjohtaja ja varasihteeri yhdess\u00e4.<\/p>\n\n\n\n<p>Johtokunta voi my\u00f6s m\u00e4\u00e4r\u00e4t\u00e4 erikseen henkil\u00f6n kirjoittamaan yhdistyksen nimen.<\/p>\n\n\n\n<p>TOIMIKUNNAT 13 \u00a7<\/p>\n\n\n\n<p>Tarvittaessa johtokunta voi asettaa toimikuntia erikoisteht\u00e4vi\u00e4 varten. Johtokunta voi kutsua avukseen asiantuntijoita, joilla on puhevalta johtokunnan kokouksessa.<\/p>\n\n\n\n<p>Johtokunta valitsee yhdistyksen julkaisujen toimittajat ja toimituskunnat.<\/p>\n\n\n\n<p>S\u00c4\u00c4NT\u00d6JEN MUUTOS 14 \u00a7<\/p>\n\n\n\n<p>N\u00e4it\u00e4 s\u00e4\u00e4nt\u00f6j\u00e4 voidaan muuttaa yhdistyksen kokouksessa, jos muutoksesta on kokouskutsussa ilmoitettu ja kun v\u00e4hint\u00e4\u00e4n kolme nelj\u00e4sosaa (3\/4) \u00e4\u00e4nestyksess\u00e4 annetuista \u00e4\u00e4nist\u00e4 sit\u00e4 kannattaa.<\/p>\n\n\n\n<p>YHDISTYKSEN PURKAMINEN 15 \u00a7<\/p>\n\n\n\n<p>P\u00e4\u00e4t\u00f6s yhdistyksen purkamisesta voidaan tehd\u00e4 vuosikokouksessa tai kahdessa v\u00e4hint\u00e4\u00e4n kuukauden v\u00e4liajoin pidett\u00e4v\u00e4ss\u00e4 yhdistyksen kokouksessa jos ehdotuksesta on kokouskutsussa mainittu ja kun v\u00e4hint\u00e4\u00e4n kolme nelj\u00e4sosaa (3\/4) \u00e4\u00e4nestyksess\u00e4 annetuista \u00e4\u00e4nist\u00e4 sit\u00e4 kannattaa.<\/p>\n\n\n\n<p>Yhdistyksen purkautuessa yhdistyksen j\u00e4ljelle j\u00e4\u00e4nyt omaisuus ja varat luovutetaan, mik\u00e4li niist\u00e4 ei ole lahjakirjassa tai testamentissa toisin m\u00e4\u00e4r\u00e4tty, jollekin muulle maassa toimivalle rekister\u00f6idylle yhdistykselle tai laitokselle, jonka teht\u00e4viin Suomen muinaisuuden tutkiminen kuuluu.<\/p>\n\n\n\n<p>16 \u00a7<\/p>\n\n\n\n<p>T\u00e4ll\u00e4 s\u00e4\u00e4nt\u00f6muutoksella ei loukata saavutettuja j\u00e4senoikeuksia.<\/p>\n","protected":false},"excerpt":{"rendered":"<p>Suomen muinaismuistoyhdistys ry:n s\u00e4\u00e4nn\u00f6t NIMI JA KOTIPAIKKA 1 \u00a7 Yhdistyksen nimi on Suomen Muinaismuistoyhdistys ry ja sen kotipaikka on Helsingin kaupunki. Yhdistys on sek\u00e4 suomen- ett\u00e4 ruotsinkielinen. TARKOITUS 2 \u00a7 Yhdistyksen tarkoituksena on edist\u00e4\u00e4 Suomen maan ja kansan sek\u00e4 Suomen suvun ja sen asuma-alueiden sek\u00e4 mahdollisuuden mukaan muiden kansojen ja alueiden muinaisuutta valaisevia muinaistieteellisi\u00e4, kansatieteellisi\u00e4, [&hellip;]<\/p>\n","protected":false},"author":1,"featured_media":0,"parent":31,"menu_order":0,"comment_status":"closed","ping_status":"closed","template":"","meta":[],"_links":{"self":[{"href":"https:\/\/www.muinaismuistoyhdistys.fi\/index.php\/wp-json\/wp\/v2\/pages\/57"}],"collection":[{"href":"https:\/\/www.muinaismuistoyhdistys.fi\/index.php\/wp-json\/wp\/v2\/pages"}],"about":[{"href":"https:\/\/www.muinaismuistoyhdistys.fi\/index.php\/wp-json\/wp\/v2\/types\/page"}],"author":[{"embeddable":true,"href":"https:\/\/www.muinaismuistoyhdistys.fi\/index.php\/wp-json\/wp\/v2\/users\/1"}],"replies":[{"embeddable":true,"href":"https:\/\/www.muinaismuistoyhdistys.fi\/index.php\/wp-json\/wp\/v2\/comments?post=57"}],"version-history":[{"count":4,"href":"https:\/\/www.muinaismuistoyhdistys.fi\/index.php\/wp-json\/wp\/v2\/pages\/57\/revisions"}],"predecessor-version":[{"id":576,"href":"https:\/\/www.muinaismuistoyhdistys.fi\/index.php\/wp-json\/wp\/v2\/pages\/57\/revisions\/576"}],"up":[{"embeddable":true,"href":"https:\/\/www.muinaismuistoyhdistys.fi\/index.php\/wp-json\/wp\/v2\/pages\/31"}],"wp:attachment":[{"href":"https:\/\/www.muinaismuistoyhdistys.fi\/index.php\/wp-json\/wp\/v2\/media?parent=57"}],"curies":[{"name":"wp","href":"https:\/\/api.w.org\/{rel}","templated":true}]}}