{"id":55,"date":"2019-12-02T18:36:45","date_gmt":"2019-12-02T16:36:45","guid":{"rendered":"http:\/\/localhost\/wordpress\/?page_id=55"},"modified":"2025-08-14T14:54:30","modified_gmt":"2025-08-14T11:54:30","slug":"toimihenkilot","status":"publish","type":"page","link":"https:\/\/www.muinaismuistoyhdistys.fi\/index.php\/yhdistys\/toimihenkilot\/","title":{"rendered":"Toimihenkil\u00f6t"},"content":{"rendered":"\n<p> <\/p>\n\n\n\n<h2 class=\"wp-block-heading\" id=\"johtokunta\">Johtokunta<\/h2>\n\n\n\n<p><strong>Puheenjohtaja:<\/strong><br>Dosentti Elina R\u00e4s\u00e4nen<br>elina.rasanen(at)helsinki.fi<\/p>\n\n\n\n<p><strong>Varapuheenjohtaja:<\/strong><br>FM Teemu V\u00e4is\u00e4nen<br>teemu.vaisanen(at)gmail.com<\/p>\n\n\n\n<p><strong>Johtokunnan muut j\u00e4senet:<\/strong><\/p>\n\n\n\n<p><meta charset=\"utf-8\">FT Ville Hakanen<br>ville.v.hakanen(at)helsinki.fi<\/p>\n\n\n\n<p>FT Maria Vanha-Simil\u00e4<br>maria.a.vanha-simila(at)jyu.fi<\/p>\n\n\n\n<p>FL Anna-Mari Immonen<br>anna-mari.immonen(at)kansallismuseo.fi \/ anna-mari.immonen(at)helsinki.fi<\/p>\n\n\n\n<p>FM Laura Tuominen<br>laura.tuominen(at)museovirasto.fi<\/p>\n\n\n\n<p>FT Liisa Kunnas<br>liisakkunnas(at)gmail.com<\/p>\n\n\n\n<p><strong>Johtokunnan sihteeri:<\/strong><br>FM Anna Vuolanto<br>sihteeri(at)muinaismuistoyhdistys.fi<\/p>\n\n\n\n<h2 class=\"wp-block-heading\" id=\"toimihenkilot\">Toimihenkil\u00f6t<\/h2>\n\n\n\n<p><strong>Kirjastonhoitaja:<\/strong><br>FM Hannele Dahl<br>Puh. 0295 33 6062<br>hannele.dahl(at)museovirasto.fi<\/p>\n\n\n\n<p><strong>Julkaisukoordinaattori: <\/strong><br>FM Marja Huovila<br>marja.huovila(at)gmail.com     \/     julkaisusihteeri(at)muinaismuistoyhdistys.fi<\/p>\n\n\n\n<p><strong>Viestint\u00e4koordinaattori:<\/strong><br>HuK Suvi Toivanen<br>suvi.toivanen(at)helsinki.fi<\/p>\n\n\n\n<p><strong>Taloushallinto:<\/strong><br>Tilitoimisto Rantalainen<br><\/p>\n\n\n\n<h2 class=\"wp-block-heading\" id=\"yhteystiedot\">Yhteystiedot<\/h2>\n\n\n\n<p><strong>Osoitteenmuutokset, j\u00e4senasiat, tiedustelut:<\/strong><br>Sihteeri Anna Vuolanto, <meta charset=\"utf-8\"><\/meta>sihteeri(at)muinaismuistoyhdistys.fi<br><\/p>\n\n\n\n<p><strong>Postiosoite:<\/strong><br>Suomen Muinaismuistoyhdistys ry<br>PL 882<br>00101 HELSINKI<\/p>\n\n\n\n<p> <\/p>\n","protected":false},"excerpt":{"rendered":"<p>Johtokunta Puheenjohtaja:Dosentti Elina R\u00e4s\u00e4nenelina.rasanen(at)helsinki.fi Varapuheenjohtaja:FM Teemu V\u00e4is\u00e4nenteemu.vaisanen(at)gmail.com Johtokunnan muut j\u00e4senet: FT Ville Hakanenville.v.hakanen(at)helsinki.fi FT Maria Vanha-Simil\u00e4maria.a.vanha-simila(at)jyu.fi FL Anna-Mari Immonenanna-mari.immonen(at)kansallismuseo.fi \/ anna-mari.immonen(at)helsinki.fi FM Laura Tuominenlaura.tuominen(at)museovirasto.fi FT Liisa Kunnasliisakkunnas(at)gmail.com Johtokunnan sihteeri:FM Anna Vuolantosihteeri(at)muinaismuistoyhdistys.fi Toimihenkil\u00f6t Kirjastonhoitaja:FM Hannele DahlPuh. 0295 33 6062hannele.dahl(at)museovirasto.fi Julkaisukoordinaattori: FM Marja Huovilamarja.huovila(at)gmail.com \/ julkaisusihteeri(at)muinaismuistoyhdistys.fi Viestint\u00e4koordinaattori:HuK Suvi Toivanensuvi.toivanen(at)helsinki.fi Taloushallinto:Tilitoimisto Rantalainen Yhteystiedot Osoitteenmuutokset, j\u00e4senasiat, tiedustelut:Sihteeri Anna Vuolanto, [&hellip;]<\/p>\n","protected":false},"author":1,"featured_media":0,"parent":31,"menu_order":0,"comment_status":"closed","ping_status":"closed","template":"","meta":[],"_links":{"self":[{"href":"https:\/\/www.muinaismuistoyhdistys.fi\/index.php\/wp-json\/wp\/v2\/pages\/55"}],"collection":[{"href":"https:\/\/www.muinaismuistoyhdistys.fi\/index.php\/wp-json\/wp\/v2\/pages"}],"about":[{"href":"https:\/\/www.muinaismuistoyhdistys.fi\/index.php\/wp-json\/wp\/v2\/types\/page"}],"author":[{"embeddable":true,"href":"https:\/\/www.muinaismuistoyhdistys.fi\/index.php\/wp-json\/wp\/v2\/users\/1"}],"replies":[{"embeddable":true,"href":"https:\/\/www.muinaismuistoyhdistys.fi\/index.php\/wp-json\/wp\/v2\/comments?post=55"}],"version-history":[{"count":21,"href":"https:\/\/www.muinaismuistoyhdistys.fi\/index.php\/wp-json\/wp\/v2\/pages\/55\/revisions"}],"predecessor-version":[{"id":1518,"href":"https:\/\/www.muinaismuistoyhdistys.fi\/index.php\/wp-json\/wp\/v2\/pages\/55\/revisions\/1518"}],"up":[{"embeddable":true,"href":"https:\/\/www.muinaismuistoyhdistys.fi\/index.php\/wp-json\/wp\/v2\/pages\/31"}],"wp:attachment":[{"href":"https:\/\/www.muinaismuistoyhdistys.fi\/index.php\/wp-json\/wp\/v2\/media?parent=55"}],"curies":[{"name":"wp","href":"https:\/\/api.w.org\/{rel}","templated":true}]}}