{"id":53,"date":"2019-12-02T18:36:14","date_gmt":"2019-12-02T16:36:14","guid":{"rendered":"http:\/\/localhost\/wordpress\/?page_id=53"},"modified":"2022-09-26T17:03:15","modified_gmt":"2022-09-26T14:03:15","slug":"jasenyys","status":"publish","type":"page","link":"https:\/\/www.muinaismuistoyhdistys.fi\/index.php\/yhdistys\/jasenyys\/","title":{"rendered":"J\u00e4senyys"},"content":{"rendered":"\n<p>Suomen Muinaismuistoyhdistys on tieteellinen seura, mutta my\u00f6s kaikille avoin kansalaisj\u00e4rjest\u00f6. Yhdistyksen j\u00e4seneksi voi liitty\u00e4 kuka tahansa henkil\u00f6, joka tuntee kiinnostusta yhdistyksen toimintaa ja p\u00e4\u00e4m\u00e4\u00e4ri\u00e4 kohtaan. <\/p>\n\n\n\n<p>Voit hakea j\u00e4senyytt\u00e4 ilmoittautumalla sihteerille mieluiten s\u00e4hk\u00f6postitse, sihteeri(at)<a rel=\"noreferrer noopener\" href=\"http:\/\/muinaismuistoyhdistys.fi\/\" target=\"_blank\">muinaismuistoyhdistys.fi<\/a>. Kerro viestiss\u00e4 lyhyesti taustasi sek\u00e4 henkil\u00f6- ja osoitetiedot j\u00e4senrekisteri\u00e4 varten.<\/p>\n\n\n\n<p>Uudet j\u00e4senyydet vahvistetaan s\u00e4\u00e4nt\u00f6jen mukaan yhdistyksen kuukausikokouksissa, joita j\u00e4rjestet\u00e4\u00e4n 4-6 kertaa vuodessa. <\/p>\n\n\n\n<p>J\u00e4senyyden vahvistamisen j\u00e4lkeen uuden j\u00e4senen tulee maksaa yhdistyksen j\u00e4senmaksu. Maksavat j\u00e4senet ovat valintansa mukaan joko<\/p>\n\n\n\n<ul><li>a)&nbsp;<em>vuosij\u00e4seni\u00e4<\/em>&nbsp;(maksu t\u00e4ll\u00e4 hetkell\u00e4 25 euroa\/vuosi) tai<\/li><li>b)&nbsp;<em>ainaisj\u00e4seni\u00e4<\/em>&nbsp;(kertamaksu 200 euroa) tai<\/li><li>c)&nbsp;<em>lahjoittajaj\u00e4seni\u00e4<\/em>&nbsp;(kertamaksu 500 euroa)<\/li><\/ul>\n\n\n\n<h2 class=\"wp-block-heading\" id=\"jasenedut\">J\u00e4senedut<\/h2>\n\n\n\n<p>Kaikki j\u00e4senet saavat yhdistyksen kokouskutsut ja muun j\u00e4senpostin. Yhdistys myy ajoittain alennusmyynneill\u00e4 omia julkaisujaan j\u00e4senilleen.<\/p>\n\n\n\n<p>Vuosij\u00e4senet ja ainaisj\u00e4senet saavat yhdistyksen julkaisut&nbsp;<a href=\"http:\/\/www.tiedekirja.fi\/\">Tiedekirjasta<\/a>&nbsp;ostaessaan alennettuun hintaan (-30 %). Suomalaisen Kirjallisuuden Seuran kirjamyym\u00e4l\u00e4st\u00e4 ja&nbsp;<a href=\"http:\/\/kirjat.finlit.fi\/\">verkkokirjakaupasta<\/a>&nbsp;yhdistyksen j\u00e4senet saavat ostaa normaalihintaisia kirjoja alennettuun hintaan (-25%).  Alennuksen saamiseksi on verkkokauppaan rekister\u00f6ityess\u00e4 valittava ko. yhdistys kohdassa J\u00e4senyydet.<\/p>\n\n\n\n<p>Lahjoittajaj\u00e4senet saavat maksutta osan yhdistyksen sarjajulkaisuista ensimm\u00e4isest\u00e4 j\u00e4senyysvuodestaan alkaen sek\u00e4 muut julkaisut alennettuun hintaan (-30 %).<\/p>\n\n\n\n<figure class=\"wp-block-image size-large\"><img decoding=\"async\" loading=\"lazy\" width=\"1024\" height=\"819\" src=\"http:\/\/www.muinaismuistoyhdistys.fi\/wp-content\/uploads\/2021\/10\/A.M.Tallgrenin-ja\u0308senkirja-1024x819.jpg\" alt=\"\" class=\"wp-image-324\" srcset=\"https:\/\/www.muinaismuistoyhdistys.fi\/wp-content\/uploads\/2021\/10\/A.M.Tallgrenin-ja\u0308senkirja-1024x819.jpg 1024w, https:\/\/www.muinaismuistoyhdistys.fi\/wp-content\/uploads\/2021\/10\/A.M.Tallgrenin-ja\u0308senkirja-300x240.jpg 300w, https:\/\/www.muinaismuistoyhdistys.fi\/wp-content\/uploads\/2021\/10\/A.M.Tallgrenin-ja\u0308senkirja-768x614.jpg 768w, https:\/\/www.muinaismuistoyhdistys.fi\/wp-content\/uploads\/2021\/10\/A.M.Tallgrenin-ja\u0308senkirja-676x541.jpg 676w, https:\/\/www.muinaismuistoyhdistys.fi\/wp-content\/uploads\/2021\/10\/A.M.Tallgrenin-ja\u0308senkirja.jpg 1200w\" sizes=\"(max-width: 1024px) 100vw, 1024px\" \/><figcaption>A.M.Tallgrenin ty\u00f6j\u00e4senkirja vuodelta 1913. Markku Haverinen, Museoviraston kuvakokoelmat.<\/figcaption><\/figure>\n","protected":false},"excerpt":{"rendered":"<p>Suomen Muinaismuistoyhdistys on tieteellinen seura, mutta my\u00f6s kaikille avoin kansalaisj\u00e4rjest\u00f6. Yhdistyksen j\u00e4seneksi voi liitty\u00e4 kuka tahansa henkil\u00f6, joka tuntee kiinnostusta yhdistyksen toimintaa ja p\u00e4\u00e4m\u00e4\u00e4ri\u00e4 kohtaan. Voit hakea j\u00e4senyytt\u00e4 ilmoittautumalla sihteerille mieluiten s\u00e4hk\u00f6postitse, sihteeri(at)muinaismuistoyhdistys.fi. Kerro viestiss\u00e4 lyhyesti taustasi sek\u00e4 henkil\u00f6- ja osoitetiedot j\u00e4senrekisteri\u00e4 varten. Uudet j\u00e4senyydet vahvistetaan s\u00e4\u00e4nt\u00f6jen mukaan yhdistyksen kuukausikokouksissa, joita j\u00e4rjestet\u00e4\u00e4n 4-6 kertaa vuodessa. [&hellip;]<\/p>\n","protected":false},"author":1,"featured_media":0,"parent":31,"menu_order":0,"comment_status":"closed","ping_status":"closed","template":"","meta":[],"_links":{"self":[{"href":"https:\/\/www.muinaismuistoyhdistys.fi\/index.php\/wp-json\/wp\/v2\/pages\/53"}],"collection":[{"href":"https:\/\/www.muinaismuistoyhdistys.fi\/index.php\/wp-json\/wp\/v2\/pages"}],"about":[{"href":"https:\/\/www.muinaismuistoyhdistys.fi\/index.php\/wp-json\/wp\/v2\/types\/page"}],"author":[{"embeddable":true,"href":"https:\/\/www.muinaismuistoyhdistys.fi\/index.php\/wp-json\/wp\/v2\/users\/1"}],"replies":[{"embeddable":true,"href":"https:\/\/www.muinaismuistoyhdistys.fi\/index.php\/wp-json\/wp\/v2\/comments?post=53"}],"version-history":[{"count":9,"href":"https:\/\/www.muinaismuistoyhdistys.fi\/index.php\/wp-json\/wp\/v2\/pages\/53\/revisions"}],"predecessor-version":[{"id":678,"href":"https:\/\/www.muinaismuistoyhdistys.fi\/index.php\/wp-json\/wp\/v2\/pages\/53\/revisions\/678"}],"up":[{"embeddable":true,"href":"https:\/\/www.muinaismuistoyhdistys.fi\/index.php\/wp-json\/wp\/v2\/pages\/31"}],"wp:attachment":[{"href":"https:\/\/www.muinaismuistoyhdistys.fi\/index.php\/wp-json\/wp\/v2\/media?parent=53"}],"curies":[{"name":"wp","href":"https:\/\/api.w.org\/{rel}","templated":true}]}}