{"id":49,"date":"2019-12-02T18:33:59","date_gmt":"2019-12-02T16:33:59","guid":{"rendered":"http:\/\/localhost\/wordpress\/?page_id=49"},"modified":"2026-03-18T17:56:02","modified_gmt":"2026-03-18T14:56:02","slug":"arkisto","status":"publish","type":"page","link":"https:\/\/www.muinaismuistoyhdistys.fi\/index.php\/toiminta\/arkisto\/","title":{"rendered":"Arkisto"},"content":{"rendered":"\n<p><strong>Suomen Muinaismuistoyhdistyksen arkisto<\/strong> koostuu kuva-arkistosta ja yhdistysarkistosta. Molemmat sijaitsivat vuoteen 2025 saakka Museoviraston arkiston yhteydess\u00e4. Yhdistysarkisto luovutettiin vuonna 2025 Kansallisarkistoon. Kansallisarkiston peruskorjauksen aikana (4.5.2026 alkaen) aineisto on tilattavissa v\u00e4ist\u00f6tiloihin Kansalliskirjaston erikoislukusaliin ainoastaan ennakkovarauksella.<\/p>\n\n\n<div class=\"wp-block-image\">\n<figure class=\"alignleft size-full is-resized\"><img decoding=\"async\" loading=\"lazy\" src=\"http:\/\/www.muinaismuistoyhdistys.fi\/wp-content\/uploads\/2021\/04\/Kirjeita.jpg\" alt=\"\" class=\"wp-image-256\" width=\"360\" height=\"270\" srcset=\"https:\/\/www.muinaismuistoyhdistys.fi\/wp-content\/uploads\/2021\/04\/Kirjeita.jpg 394w, https:\/\/www.muinaismuistoyhdistys.fi\/wp-content\/uploads\/2021\/04\/Kirjeita-300x225.jpg 300w\" sizes=\"(max-width: 360px) 100vw, 360px\" \/><\/figure><\/div>\n\n\n<p>Yhdistysarkistoon kuuluvat muun muassa yhdistyksen p\u00f6yt\u00e4kirjat, tiliasiakirjat, Uraj\u00e4rven kartanoon liittyv\u00e4t asiakirjat ja kirjeenvaihtoa sek\u00e4 julkaisuihin, retkikuntiin ja yhdistyksen edustamiin tieteenaloihin liittyv\u00e4\u00e4 aineistoa. Lis\u00e4ksi aineistossa on henkil\u00f6-, suku- ja yhteis\u00f6arkistoja, kuten J. R. Aspelinin ja Emil Nervanderin arkistot.<\/p>\n\n\n\n<p>Osa yhdistyksen arkistoaineistosta luovutettiin vuonna 2025 Suomalaisen Kirjallisuuden Seuraan. Sinne siirrettiin D. E. D. Europaeuksen, professori Ella Kivikosken, Tuomas Laurikaisen ja H. A. Reinholmin arkistot sek\u00e4 kansio &#8220;Suomalaisia kaunokirjallisia alkuper\u00e4isi\u00e4 k\u00e4sikirjoituksia&#8221;. Aineisto on tilattavissa <a rel=\"noreferrer noopener\" href=\"https:\/\/www.finlit.fi\/arkisto\/asioi-arkistossa\/\" target=\"_blank\">Suomen Kirjallisuuden Seuran arkistosta<\/a> tutkijasaliin.<\/p>\n\n\n\n<p>Suomen Muinaismuistoyhdistyksen kuva-arkisto s\u00e4ilyy vastaisuudessakin Museonviraston kuvakokoelmien yhteydess\u00e4. <a rel=\"noreferrer noopener\" href=\"https:\/\/www.museovirasto.fi\/fi\/kokoelma-ja-tietopalvelut\/kuvakokoelmat\/asiakaspalvelu\" target=\"_blank\">Kuvakokoelmien asiakaspalvelutilat<\/a> sijaitsevat Museoviraston kokoelma- ja konservointikeskuksessa Vantaalla.  Tiedustelut tulee esitt\u00e4\u00e4&nbsp;<a rel=\"noreferrer noopener\" href=\"https:\/\/asiointi.museovirasto.fi\/fi\" target=\"_blank\">Museoviraston Lupa- ja kokoelmapalvelun<\/a>&nbsp;kautta. Taidehistoriallisten retkikuntien muistiinpanoja sek\u00e4 osia H. A. Reinholmin ja C. A. Gottlundin arkistoista voi edelleen lukea mikrofilmein\u00e4 Museoviraston Kokoelmakeskuksessa, alkuper\u00e4isten sijaitessa nyt Kansallisarkistossa.<\/p>\n\n\n\n<div style=\"height:0px\" aria-hidden=\"true\" class=\"wp-block-spacer\"><\/div>\n\n\n\n<h2 class=\"wp-block-heading\" id=\"arkistoluettelot\">Vanhat arkistoluettelot <\/h2>\n\n\n\n<p>N\u00e4m\u00e4 arkistoluettelot on tehty yhdistyksemme koko arkiston sijaitessa viel\u00e4 Museoviraston arkiston yhteydess\u00e4. Ajankohtaiset tiedot Suomen Muinaismuistoyhdistyksen arkistokokonaisuuksista l\u00f6ytyv\u00e4t Kansallisarkistosta ja Suomalaisen Kirjallisuuden Seurasta.<\/p>\n\n\n\n<div class=\"wp-block-file\"><object class=\"wp-block-file__embed\" data=\"https:\/\/www.muinaismuistoyhdistys.fi\/wp-content\/uploads\/2022\/02\/arkistoluettelo-1.pdf\" type=\"application\/pdf\" style=\"width:100%;height:600px\" aria-label=\"Embed of arkistoluettelo-1.\"><\/object><a id=\"wp-block-file--media-be8f05f6-338b-43e4-bc53-f57479d38724\" href=\"https:\/\/www.muinaismuistoyhdistys.fi\/wp-content\/uploads\/2022\/02\/arkistoluettelo-1.pdf\">arkistoluettelo-1<\/a><a href=\"https:\/\/www.muinaismuistoyhdistys.fi\/wp-content\/uploads\/2022\/02\/arkistoluettelo-1.pdf\" class=\"wp-block-file__button wp-element-button\" download aria-describedby=\"wp-block-file--media-be8f05f6-338b-43e4-bc53-f57479d38724\">Download<\/a><\/div>\n\n\n\n<div class=\"wp-block-file aligncenter\"><object class=\"wp-block-file__embed\" data=\"https:\/\/www.muinaismuistoyhdistys.fi\/wp-content\/uploads\/2022\/02\/arkistoluettelo2-1.pdf\" type=\"application\/pdf\" style=\"width:100%;height:600px\" aria-label=\"Embed of arkistoluettelo2-1.\"><\/object><a id=\"wp-block-file--media-b9898209-9f2e-4ac2-85ac-3166d19263fb\" href=\"https:\/\/www.muinaismuistoyhdistys.fi\/wp-content\/uploads\/2022\/02\/arkistoluettelo2-1.pdf\">arkistoluettelo2-1<\/a><a href=\"https:\/\/www.muinaismuistoyhdistys.fi\/wp-content\/uploads\/2022\/02\/arkistoluettelo2-1.pdf\" class=\"wp-block-file__button wp-element-button\" download aria-describedby=\"wp-block-file--media-b9898209-9f2e-4ac2-85ac-3166d19263fb\">Download<\/a><\/div>\n","protected":false},"excerpt":{"rendered":"<p>Suomen Muinaismuistoyhdistyksen arkisto koostuu kuva-arkistosta ja yhdistysarkistosta. Molemmat sijaitsivat vuoteen 2025 saakka Museoviraston arkiston yhteydess\u00e4. Yhdistysarkisto luovutettiin vuonna 2025 Kansallisarkistoon. Kansallisarkiston peruskorjauksen aikana (4.5.2026 alkaen) aineisto on tilattavissa v\u00e4ist\u00f6tiloihin Kansalliskirjaston erikoislukusaliin ainoastaan ennakkovarauksella. Yhdistysarkistoon kuuluvat muun muassa yhdistyksen p\u00f6yt\u00e4kirjat, tiliasiakirjat, Uraj\u00e4rven kartanoon liittyv\u00e4t asiakirjat ja kirjeenvaihtoa sek\u00e4 julkaisuihin, retkikuntiin ja yhdistyksen edustamiin tieteenaloihin liittyv\u00e4\u00e4 aineistoa. [&hellip;]<\/p>\n","protected":false},"author":1,"featured_media":0,"parent":35,"menu_order":0,"comment_status":"closed","ping_status":"closed","template":"","meta":[],"_links":{"self":[{"href":"https:\/\/www.muinaismuistoyhdistys.fi\/index.php\/wp-json\/wp\/v2\/pages\/49"}],"collection":[{"href":"https:\/\/www.muinaismuistoyhdistys.fi\/index.php\/wp-json\/wp\/v2\/pages"}],"about":[{"href":"https:\/\/www.muinaismuistoyhdistys.fi\/index.php\/wp-json\/wp\/v2\/types\/page"}],"author":[{"embeddable":true,"href":"https:\/\/www.muinaismuistoyhdistys.fi\/index.php\/wp-json\/wp\/v2\/users\/1"}],"replies":[{"embeddable":true,"href":"https:\/\/www.muinaismuistoyhdistys.fi\/index.php\/wp-json\/wp\/v2\/comments?post=49"}],"version-history":[{"count":24,"href":"https:\/\/www.muinaismuistoyhdistys.fi\/index.php\/wp-json\/wp\/v2\/pages\/49\/revisions"}],"predecessor-version":[{"id":1628,"href":"https:\/\/www.muinaismuistoyhdistys.fi\/index.php\/wp-json\/wp\/v2\/pages\/49\/revisions\/1628"}],"up":[{"embeddable":true,"href":"https:\/\/www.muinaismuistoyhdistys.fi\/index.php\/wp-json\/wp\/v2\/pages\/35"}],"wp:attachment":[{"href":"https:\/\/www.muinaismuistoyhdistys.fi\/index.php\/wp-json\/wp\/v2\/media?parent=49"}],"curies":[{"name":"wp","href":"https:\/\/api.w.org\/{rel}","templated":true}]}}