{"id":480,"date":"2022-01-29T20:12:55","date_gmt":"2022-01-29T17:12:55","guid":{"rendered":"http:\/\/www.muinaismuistoyhdistys.fi\/uudetsivut\/?page_id=480"},"modified":"2024-12-17T11:12:15","modified_gmt":"2024-12-17T08:12:15","slug":"tyojasenyys","status":"publish","type":"page","link":"https:\/\/www.muinaismuistoyhdistys.fi\/index.php\/tyojasenyys\/","title":{"rendered":"Ty\u00f6j\u00e4senyys"},"content":{"rendered":"\n<p>Suomen Muinaismuistoyhdistyksess\u00e4 on my\u00f6s joukko johtokuntaan kuulumattomia ns. ty\u00f6j\u00e4seni\u00e4.  Ty\u00f6j\u00e4senet pit\u00e4v\u00e4t esitelmi\u00e4 ja esitt\u00e4v\u00e4t tiedonantoja yhdistyksen kokouksissa sek\u00e4 avustavat kukin erikoisalallaan johtokuntaa. Ty\u00f6j\u00e4senilt\u00e4 ei perit\u00e4 j\u00e4senmaksua.<\/p>\n\n\n\n<p>Ty\u00f6j\u00e4senet valitaan vuosikokouksessa kirjallisesti perustellun ja ty\u00f6j\u00e4senten neuvottelukunnan puoltaman ehdotuksen perusteella. Ty\u00f6j\u00e4seneksi voidaan nimitt\u00e4\u00e4 Suomen kansalainen, joka julkaisuillaan on osoittanut omaavansa itsen\u00e4ist\u00e4 tutkimuskyky\u00e4 arkeologian, etnologian, taidehistorian, museologian tai kulttuurihistorian alalla. Ty\u00f6j\u00e4senyys on elinik\u00e4inen.<\/p>\n\n\n\n<p> Yhdistyksen s\u00e4\u00e4nt\u00f6jen mukaan ty\u00f6j\u00e4senten kokonaism\u00e4\u00e4r\u00e4 ei saa ylitt\u00e4\u00e4 kolmeakymment\u00e4. T\u00e4h\u00e4n lukuun ei kuitenkaan lasketa 70 vuotta t\u00e4ytt\u00e4neit\u00e4 ty\u00f6j\u00e4seni\u00e4. Tavoitteena on, ett\u00e4 ty\u00f6j\u00e4senist\u00f6ss\u00e4 olisivat tasapuolisesti  edustettuna kaikki yhdistyksen oppiaineet.<\/p>\n\n\n\n<p>Ty\u00f6j\u00e4senet muodostavat yhdistyksen neuvottelukunnan, joka kokoontuu puheenjohtajan kutsusta ainakin kerran vuodessa ennen vuosikokousta. Ty\u00f6j\u00e4senten neuvottelukunta antaa lausunnon uusien ty\u00f6j\u00e4senten, kirjeenvaihtajaj\u00e4senten, ulkomaisten j\u00e4senten ja kunniaj\u00e4senten valitsemisesta sek\u00e4 k\u00e4sittelee johtokunnan sille osoittamia, yhdistykselle t\u00e4rkeit\u00e4 periaatteellisia kysymyksi\u00e4 ennen niiden tuloa yhdistyksen kokouksen ratkaistaviksi. <\/p>\n\n\n\n<p>Neuvottelukunta voi my\u00f6s itsen\u00e4isesti tehd\u00e4 aloitteita, jotka johtokunnan on niit\u00e4 harkittuaan tuotava yhdistyksen kokouksen ratkaistaviksi oman lausuntonsa kanssa.<\/p>\n\n\n\n<p>Ty\u00f6j\u00e4senet v. 2024:<\/p>\n\n\n\n<p><\/p>\n\n\n\n<p>Anttila Elina \/ taidehistoria <\/p>\n\n\n\n<p>von Bonsdorff Jan \/ taidehistoria<\/p>\n\n\n\n<p>Ehrnsten Frida \/ arkeologia<\/p>\n\n\n\n<p>Enqvist Johanna \/ museologia<\/p>\n\n\n\n<p>Ervamaa Jukka \/ taidehistoria <\/p>\n\n\n\n<p>Halinen Petri \/ arkeologia <\/p>\n\n\n\n<p>Hanka Heikki \/ taidehistoria <\/p>\n\n\n\n<p>Hiekkanen Markus \/ taidehistoria <\/p>\n\n\n\n<p>Immonen Visa \/ arkeologia <\/p>\n\n\n\n<p>J\u00e4rvinen Outi \/ taidehistoria, numismatiikka<\/p>\n\n\n\n<p>Korhonen Teppo \/ kansatiede <\/p>\n\n\n\n<p>Korkiakangas Pirjo \/ kansatiede <\/p>\n\n\n\n<p>Korvenmaa Pekka \/ taidehistoria <\/p>\n\n\n\n<p>Kostet Juhani \/ historia <\/p>\n\n\n\n<p>Kotkavaara Kari \/ taidehistoria <\/p>\n\n\n\n<p>Lahtinen Anu \/ kulttuurihistoria <\/p>\n\n\n\n<p>Lavento Mika \/ arkeologia <\/p>\n\n\n\n<p>Lehtinen Ildik\u00f3 \/ kansatiede <\/p>\n\n\n\n<p>Lehtonen Juhani U. E. \/ kansatiede <\/p>\n\n\n\n<p>Lehtosalo-Hilander Pirkko-Liisa \/ arkeologia <\/p>\n\n\n\n<p>Lukkarinen Ville \/ taidehistoria <\/p>\n\n\n\n<p>L\u00f6nnqvist Bo \/ kansatiede <\/p>\n\n\n\n<p>Nikula Riitta \/ taidehistoria <\/p>\n\n\n\n<p>Olsson Pia \/ kansatiede <\/p>\n\n\n\n<p>Palin Tutta \/ taidehistoria <\/p>\n\n\n\n<p>Purhonen Paula \/ arkeologia <\/p>\n\n\n\n<p>Roivainen P\u00e4ivi \/ kansatiede <\/p>\n\n\n\n<p>Ruotsala Helena \/ kansatiede <\/p>\n\n\n\n<p>R\u00e4s\u00e4nen Elina \/ taidehistoria <\/p>\n\n\n\n<p>Salminen Timo \/ arkeologia <\/p>\n\n\n\n<p>Sammallahti Leena \/ kansatiede <\/p>\n\n\n\n<p>Sarvas Pekka \/ arkeologia <\/p>\n\n\n\n<p>Schauman-L\u00f6nnqvist Marianne \/ arkeologia <\/p>\n\n\n\n<p>Sihvo Pirkko \/ kansatiede <\/p>\n\n\n\n<p>Siivonen Katriina \/ kansatiede <\/p>\n\n\n\n<p>Snellman Hanna \/ kansatiede <\/p>\n\n\n\n<p>Spoof Sanna Kaisa \/ kansatiede <\/p>\n\n\n\n<p>Suominen Tytti \/ kansatiede <\/p>\n\n\n\n<p>Suhonen Mervi \/ arkeologia <\/p>\n\n\n\n<p>Suominen-Kokkonen Renja \/ taidehistoria <\/p>\n\n\n\n<p>Taavitsainen Jussi-Pekka \/ arkeologia <\/p>\n\n\n\n<p>Talvio Tuukka \/ arkeologia <\/p>\n\n\n\n<p>Tamminen Marketta \/ taidehistoria <\/p>\n\n\n\n<p>Uino Pirjo \/ arkeologia <\/p>\n\n\n\n<p>Uotila Kari \/ arkeologia <\/p>\n\n\n\n<p>Vakkari Johanna \/ taidehistoria<\/p>\n\n\n\n<p> Valkeap\u00e4\u00e4 Leena \/ taidehistoria <\/p>\n\n\n\n<p>Wessman Anna \/ arkeologia <\/p>\n\n\n\n<p>W\u00e4re Ritva \/ taidehistoria <\/p>\n\n\n\n<p>\u00c5str\u00f6m Anna-Maria \/ kansatiede<\/p>\n\n\n\n<div style=\"height:33px\" aria-hidden=\"true\" class=\"wp-block-spacer\"><\/div>\n\n\n\n<p>J\u00e4senluettelon pit\u00e4misest\u00e4, ks. <a rel=\"noreferrer noopener\" href=\"https:\/\/www.finlex.fi\/fi\/laki\/ajantasa\/1989\/19890503\" target=\"_blank\">Yhdistyslaki<\/a> 11 \u00a7&nbsp;(8.5.2020\/336).<\/p>\n\n\n\n<p><\/p>\n\n\n\n<p><\/p>\n","protected":false},"excerpt":{"rendered":"<p>Suomen Muinaismuistoyhdistyksess\u00e4 on my\u00f6s joukko johtokuntaan kuulumattomia ns. ty\u00f6j\u00e4seni\u00e4. Ty\u00f6j\u00e4senet pit\u00e4v\u00e4t esitelmi\u00e4 ja esitt\u00e4v\u00e4t tiedonantoja yhdistyksen kokouksissa sek\u00e4 avustavat kukin erikoisalallaan johtokuntaa. Ty\u00f6j\u00e4senilt\u00e4 ei perit\u00e4 j\u00e4senmaksua. Ty\u00f6j\u00e4senet valitaan vuosikokouksessa kirjallisesti perustellun ja ty\u00f6j\u00e4senten neuvottelukunnan puoltaman ehdotuksen perusteella. Ty\u00f6j\u00e4seneksi voidaan nimitt\u00e4\u00e4 Suomen kansalainen, joka julkaisuillaan on osoittanut omaavansa itsen\u00e4ist\u00e4 tutkimuskyky\u00e4 arkeologian, etnologian, taidehistorian, museologian tai kulttuurihistorian [&hellip;]<\/p>\n","protected":false},"author":1,"featured_media":0,"parent":0,"menu_order":0,"comment_status":"closed","ping_status":"closed","template":"","meta":[],"_links":{"self":[{"href":"https:\/\/www.muinaismuistoyhdistys.fi\/index.php\/wp-json\/wp\/v2\/pages\/480"}],"collection":[{"href":"https:\/\/www.muinaismuistoyhdistys.fi\/index.php\/wp-json\/wp\/v2\/pages"}],"about":[{"href":"https:\/\/www.muinaismuistoyhdistys.fi\/index.php\/wp-json\/wp\/v2\/types\/page"}],"author":[{"embeddable":true,"href":"https:\/\/www.muinaismuistoyhdistys.fi\/index.php\/wp-json\/wp\/v2\/users\/1"}],"replies":[{"embeddable":true,"href":"https:\/\/www.muinaismuistoyhdistys.fi\/index.php\/wp-json\/wp\/v2\/comments?post=480"}],"version-history":[{"count":13,"href":"https:\/\/www.muinaismuistoyhdistys.fi\/index.php\/wp-json\/wp\/v2\/pages\/480\/revisions"}],"predecessor-version":[{"id":1354,"href":"https:\/\/www.muinaismuistoyhdistys.fi\/index.php\/wp-json\/wp\/v2\/pages\/480\/revisions\/1354"}],"wp:attachment":[{"href":"https:\/\/www.muinaismuistoyhdistys.fi\/index.php\/wp-json\/wp\/v2\/media?parent=480"}],"curies":[{"name":"wp","href":"https:\/\/api.w.org\/{rel}","templated":true}]}}