{"id":458,"date":"2021-11-16T18:55:22","date_gmt":"2021-11-16T15:55:22","guid":{"rendered":"http:\/\/www.muinaismuistoyhdistys.fi\/uudetsivut\/?page_id=458"},"modified":"2024-09-23T22:00:33","modified_gmt":"2024-09-23T19:00:33","slug":"julkaisutoiminta","status":"publish","type":"page","link":"https:\/\/www.muinaismuistoyhdistys.fi\/index.php\/julkaisutoiminta\/","title":{"rendered":"Julkaisutoiminta"},"content":{"rendered":"\n<p>Suomen Muinaismuistoyhdistys on aktiivinen arkeologian, etnologian ja taidehistorian alojen sek\u00e4 museoita koskevan tutkimuksen tieteellinen kustantaja.<\/p>\n\n\n<div class=\"wp-block-image\">\n<figure class=\"alignleft size-large is-resized\"><img decoding=\"async\" loading=\"lazy\" src=\"http:\/\/www.muinaismuistoyhdistys.fi\/wp-content\/uploads\/2023\/09\/Suomen-Museo-2022-cover_issue_9079_fi_FI-1-702x1024.jpg\" alt=\"\" class=\"wp-image-880\" width=\"226\" height=\"330\" srcset=\"https:\/\/www.muinaismuistoyhdistys.fi\/wp-content\/uploads\/2023\/09\/Suomen-Museo-2022-cover_issue_9079_fi_FI-1-702x1024.jpg 702w, https:\/\/www.muinaismuistoyhdistys.fi\/wp-content\/uploads\/2023\/09\/Suomen-Museo-2022-cover_issue_9079_fi_FI-1-206x300.jpg 206w, https:\/\/www.muinaismuistoyhdistys.fi\/wp-content\/uploads\/2023\/09\/Suomen-Museo-2022-cover_issue_9079_fi_FI-1-768x1120.jpg 768w, https:\/\/www.muinaismuistoyhdistys.fi\/wp-content\/uploads\/2023\/09\/Suomen-Museo-2022-cover_issue_9079_fi_FI-1-1053x1536.jpg 1053w, https:\/\/www.muinaismuistoyhdistys.fi\/wp-content\/uploads\/2023\/09\/Suomen-Museo-2022-cover_issue_9079_fi_FI-1-1404x2048.jpg 1404w, https:\/\/www.muinaismuistoyhdistys.fi\/wp-content\/uploads\/2023\/09\/Suomen-Museo-2022-cover_issue_9079_fi_FI-1-676x986.jpg 676w, https:\/\/www.muinaismuistoyhdistys.fi\/wp-content\/uploads\/2023\/09\/Suomen-Museo-2022-cover_issue_9079_fi_FI-1-scaled.jpg 1756w\" sizes=\"(max-width: 226px) 100vw, 226px\" \/><\/figure><\/div>\n\n\n<p>Vuonna 1894 perustettu <a rel=\"noreferrer noopener\" href=\"https:\/\/www.muinaismuistoyhdistys.fi\/index.php\/stiftelsens-stadgar\/suomen-museo-finskt-museum\/?preview=true\" target=\"_blank\">Suomen Museo-Finskt Museum<\/a> on yhdistyksen tieteellinen vuosikirja. Lis\u00e4ksi yhdistys julkaisee t\u00e4ll\u00e4 hetkell\u00e4 kolmea julkaisusarjaa: <\/p>\n\n\n\n<ul>\n<li><a href=\"https:\/\/www.muinaismuistoyhdistys.fi\/index.php\/stiftelsens-stadgar\/iskos\/\" target=\"_blank\" rel=\"noreferrer noopener\">Iskos<\/a><\/li>\n\n\n\n<li><a href=\"https:\/\/www.muinaismuistoyhdistys.fi\/index.php\/stiftelsens-stadgar\/kansatieteellinen-arkisto\/?preview=true\" target=\"_blank\" rel=\"noreferrer noopener\">Kansatieteellinen Arkisto<\/a> <\/li>\n\n\n\n<li><a href=\"https:\/\/www.muinaismuistoyhdistys.fi\/index.php\/stiftelsens-stadgar\/suomen-muinaismuistoyhdistyksen-aikakauskirja-finska-fornminnesforeningens-tidskrift\/\" target=\"_blank\" rel=\"noreferrer noopener\">Suomen Muinaismuistoyhdistyksen Aikakauskirja<\/a> <\/li>\n<\/ul>\n\n\n\n<p>Sarjoissa julkaistaan s\u00e4\u00e4nn\u00f6llisesti esimerkiksi yhdistyksen oppiaineiden v\u00e4it\u00f6skirjoja. <\/p>\n\n\n\n<p><\/p>\n\n\n\n<div style=\"height:0px\" aria-hidden=\"true\" class=\"wp-block-spacer\"><\/div>\n\n\n\n<figure class=\"wp-block-gallery alignwide has-nested-images columns-default is-cropped wp-block-gallery-1 is-layout-flex\">\n<figure class=\"wp-block-image size-large\"><img decoding=\"async\" loading=\"lazy\" width=\"659\" height=\"1024\" data-id=\"659\"  src=\"https:\/\/www.muinaismuistoyhdistys.fi\/wp-content\/uploads\/2022\/02\/cover_issue_7990_fi_FI-659x1024.jpg\" alt=\"\" class=\"wp-image-659\" srcset=\"https:\/\/www.muinaismuistoyhdistys.fi\/wp-content\/uploads\/2022\/02\/cover_issue_7990_fi_FI-659x1024.jpg 659w, https:\/\/www.muinaismuistoyhdistys.fi\/wp-content\/uploads\/2022\/02\/cover_issue_7990_fi_FI-193x300.jpg 193w, https:\/\/www.muinaismuistoyhdistys.fi\/wp-content\/uploads\/2022\/02\/cover_issue_7990_fi_FI-768x1194.jpg 768w, https:\/\/www.muinaismuistoyhdistys.fi\/wp-content\/uploads\/2022\/02\/cover_issue_7990_fi_FI-988x1536.jpg 988w, https:\/\/www.muinaismuistoyhdistys.fi\/wp-content\/uploads\/2022\/02\/cover_issue_7990_fi_FI-1317x2048.jpg 1317w, https:\/\/www.muinaismuistoyhdistys.fi\/wp-content\/uploads\/2022\/02\/cover_issue_7990_fi_FI-676x1051.jpg 676w, https:\/\/www.muinaismuistoyhdistys.fi\/wp-content\/uploads\/2022\/02\/cover_issue_7990_fi_FI-scaled.jpg 1646w\" sizes=\"(max-width: 659px) 100vw, 659px\" \/><\/figure>\n\n\n\n<figure class=\"wp-block-image size-large\"><img decoding=\"async\" loading=\"lazy\" width=\"486\" height=\"695\" data-id=\"920\"  src=\"https:\/\/www.muinaismuistoyhdistys.fi\/wp-content\/uploads\/2023\/09\/teppo-korhonen-kansi.jpg\" alt=\"\" class=\"wp-image-920\" srcset=\"https:\/\/www.muinaismuistoyhdistys.fi\/wp-content\/uploads\/2023\/09\/teppo-korhonen-kansi.jpg 486w, https:\/\/www.muinaismuistoyhdistys.fi\/wp-content\/uploads\/2023\/09\/teppo-korhonen-kansi-210x300.jpg 210w\" sizes=\"(max-width: 486px) 100vw, 486px\" \/><\/figure>\n\n\n\n<figure class=\"wp-block-image size-large\"><img decoding=\"async\" loading=\"lazy\" width=\"727\" height=\"1024\" data-id=\"470\"  src=\"https:\/\/www.muinaismuistoyhdistys.fi\/wp-content\/uploads\/2022\/01\/Ma\u0308kikalli_kansi-727x1024.jpeg\" alt=\"\" class=\"wp-image-470\" srcset=\"https:\/\/www.muinaismuistoyhdistys.fi\/wp-content\/uploads\/2022\/01\/Ma\u0308kikalli_kansi-727x1024.jpeg 727w, https:\/\/www.muinaismuistoyhdistys.fi\/wp-content\/uploads\/2022\/01\/Ma\u0308kikalli_kansi-213x300.jpeg 213w, https:\/\/www.muinaismuistoyhdistys.fi\/wp-content\/uploads\/2022\/01\/Ma\u0308kikalli_kansi-768x1082.jpeg 768w, https:\/\/www.muinaismuistoyhdistys.fi\/wp-content\/uploads\/2022\/01\/Ma\u0308kikalli_kansi-1090x1536.jpeg 1090w, https:\/\/www.muinaismuistoyhdistys.fi\/wp-content\/uploads\/2022\/01\/Ma\u0308kikalli_kansi-1454x2048.jpeg 1454w, https:\/\/www.muinaismuistoyhdistys.fi\/wp-content\/uploads\/2022\/01\/Ma\u0308kikalli_kansi-676x952.jpeg 676w, https:\/\/www.muinaismuistoyhdistys.fi\/wp-content\/uploads\/2022\/01\/Ma\u0308kikalli_kansi-scaled.jpeg 1817w\" sizes=\"(max-width: 727px) 100vw, 727px\" \/><\/figure>\n<\/figure>\n\n\n\n<p>Nykyisten julkaisusarjojensa lis\u00e4ksi Suomen Muinaismuistoyhdistys on aiemmin julkaissut seuraavia sarjoja:<\/p>\n\n\n\n<p><strong>Luetteloja Suomen Muinaisj\u00e4\u00e4nn\u00f6ksist\u00e4<\/strong>, 1\u201323 (1877\u20131902) <\/p>\n\n\n\n<p><strong>Eurasia Septentrionalis Antiqua<\/strong>, 1\u201312 (1927\u20131938) sek\u00e4<\/p>\n\n\n\n<p><strong>Suomen kirkot (Finlands kyrkor)<\/strong>, 1\u20136 (1959\u20131972 . Suomen kirkot -sarjan julkaisemista jatkoi Museovirasto (osat 7\u201316, 1973\u20131990).<\/p>\n\n\n\n<p>Lis\u00e4ksi Suomen Muinaismuistoyhdistyksen julkaisuihin kuuluu l\u00e4hes viisikymment\u00e4&nbsp;muuta teosta.<\/p>\n\n\n\n<h2 class=\"wp-block-heading\">Julkaisujen saatavuus<\/h2>\n\n\n\n<p>Yhdistyksen julkaisuja voi ostaa ja tilata&nbsp;<a href=\"http:\/\/www.tiedekirja.fi\/\">Tiedekirjasta<\/a>. Suurin osa yhdistyksen vuoteen 1945 menness\u00e4 ilmestyneist\u00e4 julkaisuista on saatavilla verkossa&nbsp;<a href=\"http:\/\/fennougrica.kansalliskirjasto.fi\/handle\/10024\/89726\">Kansalliskirjaston palvelussa<\/a>. Parhaillaan yhdistyksess\u00e4 on k\u00e4ynniss\u00e4 digitointihanke, jolla pyrit\u00e4\u00e4n tuomaan my\u00f6s tuoreempia julkaisuja vapaasti luettavaksi. L\u00f6yd\u00e4t digitoidut julkaisut<a href=\"https:\/\/edition.fi\/smy\/\" target=\"_blank\" rel=\"noreferrer noopener\"> Edition<\/a>-verkkosivustolta.<\/p>\n\n\n\n<p>Julkaisutoimintaan ja yhdistyksen omaan julkaisuvalikoimaan liittyviin kysymyksiin vastaa julkaisukoordinaattori Marja Huovila (julkaisusihteeri(at)muinaismuistoyhdistys.fi).<\/p>\n\n\n\n<h2 class=\"wp-block-heading\">Muikkari-blogi<\/h2>\n\n\n\n<p><a href=\"https:\/\/www.muinaismuistoyhdistys.fi\/index.php\/blogi\/\" target=\"_blank\" rel=\"noreferrer noopener\">Muikkari-blogi<\/a> on Suomen Muinaismuistoyhdistyksen vuonna 2022 julkaisema blogi, jossa julkaistaan lyhyit\u00e4 puheenvuoroja. Blogin toimittaja on yhdistyksen viestint\u00e4koordinaattori Suvi Toivanen. Julkaisutoimikuntaan kuuluvat yhdistyksen johtokunnasta Elina R\u00e4s\u00e4nen, Eino Heikkil\u00e4 ja Maria Vanha-Simil\u00e4.<\/p>\n\n\n\n<p>Jos olet kiinnostunut julkaisemaan blogissamme, otathan yhteytt\u00e4 viestint\u00e4koordinaattori Suvi Toivaseen: suvi.toivanen(at)helsinki.fi. <\/p>\n\n\n\n<p>Vuosien 2022\u201323 aikana blogissa julkaistaan sarja opiskelijoiden tai vastavalmistuneiden maistereiden kirjoituksia, mit\u00e4 tarkoitusta varten yhdistys on saanut avustusta Suomen Muinaismuistos\u00e4\u00e4ti\u00f6lt\u00e4. <\/p>\n","protected":false},"excerpt":{"rendered":"<p>Suomen Muinaismuistoyhdistys on aktiivinen arkeologian, etnologian ja taidehistorian alojen sek\u00e4 museoita koskevan tutkimuksen tieteellinen kustantaja. Vuonna 1894 perustettu Suomen Museo-Finskt Museum on yhdistyksen tieteellinen vuosikirja. Lis\u00e4ksi yhdistys julkaisee t\u00e4ll\u00e4 hetkell\u00e4 kolmea julkaisusarjaa: Sarjoissa julkaistaan s\u00e4\u00e4nn\u00f6llisesti esimerkiksi yhdistyksen oppiaineiden v\u00e4it\u00f6skirjoja. Nykyisten julkaisusarjojensa lis\u00e4ksi Suomen Muinaismuistoyhdistys on aiemmin julkaissut seuraavia sarjoja: Luetteloja Suomen Muinaisj\u00e4\u00e4nn\u00f6ksist\u00e4, 1\u201323 (1877\u20131902) Eurasia [&hellip;]<\/p>\n","protected":false},"author":1,"featured_media":0,"parent":0,"menu_order":0,"comment_status":"closed","ping_status":"closed","template":"","meta":[],"_links":{"self":[{"href":"https:\/\/www.muinaismuistoyhdistys.fi\/index.php\/wp-json\/wp\/v2\/pages\/458"}],"collection":[{"href":"https:\/\/www.muinaismuistoyhdistys.fi\/index.php\/wp-json\/wp\/v2\/pages"}],"about":[{"href":"https:\/\/www.muinaismuistoyhdistys.fi\/index.php\/wp-json\/wp\/v2\/types\/page"}],"author":[{"embeddable":true,"href":"https:\/\/www.muinaismuistoyhdistys.fi\/index.php\/wp-json\/wp\/v2\/users\/1"}],"replies":[{"embeddable":true,"href":"https:\/\/www.muinaismuistoyhdistys.fi\/index.php\/wp-json\/wp\/v2\/comments?post=458"}],"version-history":[{"count":22,"href":"https:\/\/www.muinaismuistoyhdistys.fi\/index.php\/wp-json\/wp\/v2\/pages\/458\/revisions"}],"predecessor-version":[{"id":1265,"href":"https:\/\/www.muinaismuistoyhdistys.fi\/index.php\/wp-json\/wp\/v2\/pages\/458\/revisions\/1265"}],"wp:attachment":[{"href":"https:\/\/www.muinaismuistoyhdistys.fi\/index.php\/wp-json\/wp\/v2\/media?parent=458"}],"curies":[{"name":"wp","href":"https:\/\/api.w.org\/{rel}","templated":true}]}}