{"id":35,"date":"2019-12-02T18:30:52","date_gmt":"2019-12-02T16:30:52","guid":{"rendered":"http:\/\/localhost\/wordpress\/?page_id=35"},"modified":"2022-02-01T12:14:10","modified_gmt":"2022-02-01T09:14:10","slug":"toiminta","status":"publish","type":"page","link":"https:\/\/www.muinaismuistoyhdistys.fi\/index.php\/toiminta\/","title":{"rendered":"Toiminta"},"content":{"rendered":"\n<p>Toiminnan ytimen ovat alusta l\u00e4htien muodostaneet s\u00e4\u00e4nn\u00f6lliset kokoukset, joiden yhteydess\u00e4 pidet\u00e4\u00e4n kaikille kiinnostuneille avoin esitelm\u00e4. T\u00e4ll\u00e4 hetkell\u00e4 kokouksia pyrit\u00e4\u00e4n j\u00e4rjest\u00e4m\u00e4\u00e4n syksyll\u00e4 ja kev\u00e4\u00e4ll\u00e4 kerran kuukaudessa. <\/p>\n\n\n\n<p>Toukokuussa pidet\u00e4\u00e4n yhdistyksen vuosikokous, jossa esitelm\u00f6i perinteisesti yhdistyksen puheenjohtaja. Vuosikokous pidet\u00e4\u00e4n perinteisesti suomalais-ugrilaisten kielten ja kansatieteen tutkija M. A. Castr\u00e9nin kuolinp\u00e4iv\u00e4n\u00e4 7. p\u00e4iv\u00e4n\u00e4 toukokuuta. Esteen sattuessa kokous pidet\u00e4\u00e4n jonakin muuna p\u00e4iv\u00e4n\u00e4 toukokuun toisella viikolla. Vuosikokouksessa hyv\u00e4ksyt\u00e4\u00e4n yhdistyksen toimintadokumentit ja tilinp\u00e4\u00e4t\u00f6s. Lis\u00e4ksi vuosikokouksessa p\u00e4\u00e4tet\u00e4\u00e4n esimerkiksi yhdistyksen  j\u00e4senmaksun suuruudesta sek\u00e4 uusista ty\u00f6- ja kunniaj\u00e4senist\u00e4.<\/p>\n\n\n\n<p>Yhdistys on ajoittain j\u00e4rjest\u00e4nyt isompia seminaareja ja symposiumeja. Lis\u00e4ksi yhdistys on perinteisesti j\u00e4rjest\u00e4nyt retki\u00e4 j\u00e4senist\u00f6lleen. N\u00e4it\u00e4 tapahtumia toteutetaan my\u00f6s yhteisty\u00f6ss\u00e4 muiden alan toimijoiden kanssa, ja niist\u00e4 tiedotetaan aina erikseen.<\/p>\n\n\n\n<div class=\"wp-block-image\"><figure class=\"aligncenter size-full\"><img decoding=\"async\" loading=\"lazy\" width=\"394\" height=\"258\" src=\"http:\/\/www.muinaismuistoyhdistys.fi\/wp-content\/uploads\/2021\/04\/Kansallismuseo.jpg\" alt=\"\" class=\"wp-image-249\" srcset=\"https:\/\/www.muinaismuistoyhdistys.fi\/wp-content\/uploads\/2021\/04\/Kansallismuseo.jpg 394w, https:\/\/www.muinaismuistoyhdistys.fi\/wp-content\/uploads\/2021\/04\/Kansallismuseo-300x196.jpg 300w\" sizes=\"(max-width: 394px) 100vw, 394px\" \/><figcaption>Yhdistyksen kuukausikokoukset on perinteisesti j\u00e4rjestetty Kansallismuseon tiloissa.<\/figcaption><\/figure><\/div>\n","protected":false},"excerpt":{"rendered":"<p>Toiminnan ytimen ovat alusta l\u00e4htien muodostaneet s\u00e4\u00e4nn\u00f6lliset kokoukset, joiden yhteydess\u00e4 pidet\u00e4\u00e4n kaikille kiinnostuneille avoin esitelm\u00e4. T\u00e4ll\u00e4 hetkell\u00e4 kokouksia pyrit\u00e4\u00e4n j\u00e4rjest\u00e4m\u00e4\u00e4n syksyll\u00e4 ja kev\u00e4\u00e4ll\u00e4 kerran kuukaudessa. Toukokuussa pidet\u00e4\u00e4n yhdistyksen vuosikokous, jossa esitelm\u00f6i perinteisesti yhdistyksen puheenjohtaja. Vuosikokous pidet\u00e4\u00e4n perinteisesti suomalais-ugrilaisten kielten ja kansatieteen tutkija M. A. Castr\u00e9nin kuolinp\u00e4iv\u00e4n\u00e4 7. p\u00e4iv\u00e4n\u00e4 toukokuuta. Esteen sattuessa kokous pidet\u00e4\u00e4n jonakin muuna [&hellip;]<\/p>\n","protected":false},"author":1,"featured_media":0,"parent":0,"menu_order":0,"comment_status":"closed","ping_status":"closed","template":"","meta":[],"_links":{"self":[{"href":"https:\/\/www.muinaismuistoyhdistys.fi\/index.php\/wp-json\/wp\/v2\/pages\/35"}],"collection":[{"href":"https:\/\/www.muinaismuistoyhdistys.fi\/index.php\/wp-json\/wp\/v2\/pages"}],"about":[{"href":"https:\/\/www.muinaismuistoyhdistys.fi\/index.php\/wp-json\/wp\/v2\/types\/page"}],"author":[{"embeddable":true,"href":"https:\/\/www.muinaismuistoyhdistys.fi\/index.php\/wp-json\/wp\/v2\/users\/1"}],"replies":[{"embeddable":true,"href":"https:\/\/www.muinaismuistoyhdistys.fi\/index.php\/wp-json\/wp\/v2\/comments?post=35"}],"version-history":[{"count":6,"href":"https:\/\/www.muinaismuistoyhdistys.fi\/index.php\/wp-json\/wp\/v2\/pages\/35\/revisions"}],"predecessor-version":[{"id":582,"href":"https:\/\/www.muinaismuistoyhdistys.fi\/index.php\/wp-json\/wp\/v2\/pages\/35\/revisions\/582"}],"wp:attachment":[{"href":"https:\/\/www.muinaismuistoyhdistys.fi\/index.php\/wp-json\/wp\/v2\/media?parent=35"}],"curies":[{"name":"wp","href":"https:\/\/api.w.org\/{rel}","templated":true}]}}