{"id":311,"date":"2021-10-22T21:11:18","date_gmt":"2021-10-22T18:11:18","guid":{"rendered":"http:\/\/www.muinaismuistoyhdistys.fi\/uudetsivut\/?page_id=311"},"modified":"2024-12-18T13:44:46","modified_gmt":"2024-12-18T10:44:46","slug":"iskos","status":"publish","type":"page","link":"https:\/\/www.muinaismuistoyhdistys.fi\/index.php\/stiftelsens-stadgar\/iskos\/","title":{"rendered":"Iskos"},"content":{"rendered":"\n<p><strong>Iskos<\/strong> (perustettu 1976) on kansainv\u00e4linen arkeologinen sarja, jossa julkaistaan v\u00e4it\u00f6skirjoja sek\u00e4 muita monografioita ja artikkelikokoelmia, konferenssien esitelmi\u00e4 ja tutkimusprojektien tuloksia. Sarjassa noudatetaan vertaisarviointik\u00e4yt\u00e4nt\u00f6\u00e4.<\/p>\n\n\n\n<p>P\u00e4\u00e4toimittaja on FT Petro Pesonen (petro.pesonen(at)gmail.com). Kansainv\u00e4lisen toimitusneuvoston j\u00e4senet ovat: prof. Aivar Kriiska (University of Tartu), prof. Vesa-Pekka Herva (Oulun yliopisto), prof. Henny Piezonka (Christian-Albrechts-Universit\u00e4t zu Kiel), FT Elisabeth Holmqvist (Helsingin yliopisto) ja prof. Marianne Skandfer (UiT, Norges arktiske universitet).<\/p>\n\n\n\n<hr class=\"wp-block-separator has-alpha-channel-opacity\"\/>\n\n\n<div class=\"wp-block-image\">\n<figure class=\"alignleft size-large is-resized\"><img decoding=\"async\" loading=\"lazy\" src=\"https:\/\/www.muinaismuistoyhdistys.fi\/wp-content\/uploads\/2024\/10\/Iskos28-kansi-rasterikuva-702x1024.jpg\" alt=\"\" class=\"wp-image-1315\" width=\"265\" height=\"387\" srcset=\"https:\/\/www.muinaismuistoyhdistys.fi\/wp-content\/uploads\/2024\/10\/Iskos28-kansi-rasterikuva-702x1024.jpg 702w, https:\/\/www.muinaismuistoyhdistys.fi\/wp-content\/uploads\/2024\/10\/Iskos28-kansi-rasterikuva-206x300.jpg 206w, https:\/\/www.muinaismuistoyhdistys.fi\/wp-content\/uploads\/2024\/10\/Iskos28-kansi-rasterikuva-768x1120.jpg 768w, https:\/\/www.muinaismuistoyhdistys.fi\/wp-content\/uploads\/2024\/10\/Iskos28-kansi-rasterikuva-1053x1536.jpg 1053w, https:\/\/www.muinaismuistoyhdistys.fi\/wp-content\/uploads\/2024\/10\/Iskos28-kansi-rasterikuva-1404x2048.jpg 1404w, https:\/\/www.muinaismuistoyhdistys.fi\/wp-content\/uploads\/2024\/10\/Iskos28-kansi-rasterikuva-676x986.jpg 676w, https:\/\/www.muinaismuistoyhdistys.fi\/wp-content\/uploads\/2024\/10\/Iskos28-kansi-rasterikuva-scaled.jpg 1755w\" sizes=\"(max-width: 265px) 100vw, 265px\" \/><\/figure><\/div>\n\n\n<p>Jan Fastin v\u00e4it\u00f6skirja <em>Deutsches Lager Hanko 1942\u20131944. The Modern Conflict Archaeology and History of a German Second World War Transition Camp in Hanko, South Finland<\/em> on ilmestynyt lokakuussa 2024 Suomen Muinaismuistoyhdistyksen Iskos-sarjan numerona 28.<\/p>\n\n\n\n<div style=\"height:0px\" aria-hidden=\"true\" class=\"wp-block-spacer\"><\/div>\n\n\n\n<p>V\u00e4it\u00f6skirja pureutuu Hangon Tulliniemess\u00e4 vuosina 1942-1944 sijainneen saksalaisten sotilaiden kauttakulkuleirin historiaan. Arkistotietojen l\u00e4hes puuttuessa leirin historiaa l\u00e4hestyt\u00e4\u00e4n arkeologisten tutkimusten, haastattelujen ja valokuvien kautta. Eri l\u00e4hteiden avulla piirret\u00e4\u00e4n kuvaa leirin arjesta ja saksalaisista sotilaista pienen suomalaiskaupungin vieress\u00e4. Hangon Tulliniemen tutkimus on tuore esimerkki konfliktiarkeologiasta, joka nauttii t\u00e4ll\u00e4 hetkell\u00e4 laajaa kiinnostusta niin tiedeyhteis\u00f6n kuin suuren yleis\u00f6nkin parissa.<\/p>\n\n\n\n<p>Teosta  myy <a rel=\"noreferrer noopener\" href=\"http:\/\/www.tiedekirja.fi\" target=\"_blank\">Tiedekirja<\/a> 20 \u20ac hintaan. Teos on my\u00f6s ladattavissa Helsingin yliopiston <a rel=\"noreferrer noopener\" href=\"https:\/\/helda.helsinki.fi\/items\/8cec089e-39a3-4cde-82aa-45dc4d438bc2\" target=\"_blank\">Helda-portaalista<\/a> ja Tieteellisten Seurain valtuuskunnan yll\u00e4pit\u00e4m\u00e4st\u00e4<a rel=\"noreferrer noopener\" href=\"https:\/\/journal.fi\/iskos\" target=\"_blank\"> journal.fi -portaalista<\/a>.<\/p>\n\n\n\n<div style=\"height:2px\" aria-hidden=\"true\" class=\"wp-block-spacer\"><\/div>\n\n\n\n<p>Bibliografiset tiedot:<\/p>\n\n\n\n<p>P\u00e4\u00e4toimittaja: Petro Pesonen<\/p>\n\n\n\n<p>Taitto: Liisa Kunnas<\/p>\n\n\n\n<p>Painopaikka: Waasa Graphics, 2024<\/p>\n\n\n\n<p>ISBN 978-952-6655-42-0 (print)<\/p>\n\n\n\n<p>ISBN 978-952-6655-43-7 (pdf)<\/p>\n\n\n\n<p>ISSN 0355-3108<\/p>\n\n\n\n<div style=\"height:3px\" aria-hidden=\"true\" class=\"wp-block-spacer\"><\/div>\n\n\n\n<hr class=\"wp-block-separator has-alpha-channel-opacity\"\/>\n\n\n\n<p><em>Celebrating 100 Years of Archaeology at the University of Helsinki. Past, Present, and Future<\/em> (Iskos 27).<\/p>\n\n\n<div class=\"wp-block-image\">\n<figure class=\"alignleft size-full is-resized\"><img decoding=\"async\" loading=\"lazy\" src=\"https:\/\/www.muinaismuistoyhdistys.fi\/wp-content\/uploads\/2023\/12\/Iskos-27-kansi.png\" alt=\"\" class=\"wp-image-1114\" width=\"241\" height=\"339\" srcset=\"https:\/\/www.muinaismuistoyhdistys.fi\/wp-content\/uploads\/2023\/12\/Iskos-27-kansi.png 494w, https:\/\/www.muinaismuistoyhdistys.fi\/wp-content\/uploads\/2023\/12\/Iskos-27-kansi-213x300.png 213w\" sizes=\"(max-width: 241px) 100vw, 241px\" \/><\/figure><\/div>\n\n\n<p>Helsingin yliopiston arkeologian opetus vietti 100-vuotisjuhliaan joulukuussa 2023, ja juhlan kunniaksi oppiaineen tutkijat, opettajat, opiskelijat ja yst\u00e4v\u00e4t ovat koonneet juhlakirjan, joka julkaistaan Suomen Muinaismuistoyhdistyksen Iskos-sarjassa. Yli 360-sivuinen teos valottaa arkeologian opetuksen syntymist\u00e4 ja kehittymist\u00e4 1800-luvun lopulta t\u00e4h\u00e4n p\u00e4iv\u00e4\u00e4n, oppiaineen kansainv\u00e4listymist\u00e4 ja opetuksen eri painopisteit\u00e4 vuosikymmenten aikana. Lis\u00e4ksi kirjaan sis\u00e4ltyy henkil\u00f6kohtaisempia muistelmia ja katsauksia arkeologian opiskelusta ja professiosta.<\/p>\n\n\n\n<div style=\"height:0px\" aria-hidden=\"true\" class=\"wp-block-spacer\"><\/div>\n\n\n\n<p>Kirjan toimittajat: Liisa Kunnas, Marko Marila, Volker Heyd, Elisabeth Holmqvist, Kristin Ilves, Antti Lahelma ja Mika Lavento. Kirjapaino Hermes, Tampere 2023.<\/p>\n\n\n\n<p><a href=\"https:\/\/tiedekirja.fi\/fi\/celebrating-100-years-of-archaeology-at-the-university-of-helsinki\" target=\"_blank\" rel=\"noreferrer noopener\">Tiedekirjan verkkokauppa<\/a> ja kivijalkamyym\u00e4l\u00e4 Helsingin Kruununhaassa myy teosta 30 \u20ac hintaan, ja se on luettavissa my\u00f6s<a rel=\"noreferrer noopener\" href=\"https:\/\/journal.fi\/iskos\" target=\"_blank\"> journal.fi\/iskos<\/a>-verkkopalvelussa.<\/p>\n\n\n\n<hr class=\"wp-block-separator has-alpha-channel-opacity\"\/>\n\n\n<div class=\"wp-block-image\">\n<figure class=\"alignleft size-large is-resized\"><img decoding=\"async\" loading=\"lazy\" src=\"https:\/\/www.muinaismuistoyhdistys.fi\/wp-content\/uploads\/2023\/10\/Iskos-26-Cover-1-682x1024.jpg\" alt=\"\" class=\"wp-image-998\" width=\"243\" height=\"364\" srcset=\"https:\/\/www.muinaismuistoyhdistys.fi\/wp-content\/uploads\/2023\/10\/Iskos-26-Cover-1-682x1024.jpg 682w, https:\/\/www.muinaismuistoyhdistys.fi\/wp-content\/uploads\/2023\/10\/Iskos-26-Cover-1-200x300.jpg 200w, https:\/\/www.muinaismuistoyhdistys.fi\/wp-content\/uploads\/2023\/10\/Iskos-26-Cover-1-768x1154.jpg 768w, https:\/\/www.muinaismuistoyhdistys.fi\/wp-content\/uploads\/2023\/10\/Iskos-26-Cover-1-1023x1536.jpg 1023w, https:\/\/www.muinaismuistoyhdistys.fi\/wp-content\/uploads\/2023\/10\/Iskos-26-Cover-1-1363x2048.jpg 1363w, https:\/\/www.muinaismuistoyhdistys.fi\/wp-content\/uploads\/2023\/10\/Iskos-26-Cover-1-676x1015.jpg 676w, https:\/\/www.muinaismuistoyhdistys.fi\/wp-content\/uploads\/2023\/10\/Iskos-26-Cover-1-scaled.jpg 1704w\" sizes=\"(max-width: 243px) 100vw, 243px\" \/><\/figure><\/div>\n\n\n<p><\/p>\n\n\n\n<p>Iskos-sarjan aiempi julkaisu syksylt\u00e4 2023 on <em>Dwelling Forms and Settlement Patterns on Russia&#8217;s Kola Peninsula Northern Coast, 2200\u20131500 cal. BC.<\/em> (Iskos 26). Julkaisun tekij\u00e4t ovat Knut Helskog, Bryan C. Hood ja Vladimir Ya. Shumkin.<\/p>\n\n\n\n<div style=\"height:4px\" aria-hidden=\"true\" class=\"wp-block-spacer\"><\/div>\n\n\n\n<p>Esihistoriallisia asumuspainanteita alettiin l\u00f6yt\u00e4m\u00e4\u00e4n Pohjois-Norjan rannikolta 1930-luvulla ja 1960-luvulle tultaessa niit\u00e4 oli rekister\u00f6ity jo satoja. Suurin osa asumuksista ajoittuu my\u00f6h\u00e4iselle kivikaudelle (5000\u20131800 eaa.) ja varhaiselle metallikaudelle (1800\u20130 eaa.), vaikkakin osa niist\u00e4 on jo mesoliittiselta kivikaudelta (9000\u20135000 eaa.). 1990-luvun alussa norjalaisten ja ven\u00e4l\u00e4isten arkeologien yhteisty\u00f6projektin my\u00f6t\u00e4 havaittiin useita vastaavia asumuspainanteita my\u00f6s Kuolan niemimaalla. Ensimm\u00e4inen Kuolan niemimaan asumuspainanteen moderni arkeologinen kaivaus tehtiin Drozdovkan lahdella, Koillis-Kuolassa vuosina 1994, 1998 ja 2000 norjalaisven\u00e4l\u00e4isen\u00e4 yhteisty\u00f6n\u00e4. Kirjassa esitell\u00e4\u00e4n projektin tulokset ja asetetaan ne laajempaan kontekstiin osana Kuolan niemimaan ja pohjoisen Norjan arkeologiaa.<\/p>\n\n\n\n<hr class=\"wp-block-separator has-alpha-channel-opacity\"\/>\n\n\n\n<p>Aiemmin kev\u00e4\u00e4ll\u00e4 2023 on julkaistu Jarkko Saipion v\u00e4it\u00f6skirja <em>Lapp cairns. Spatial and Cultural Context of Early Metal Period Stone Structures in the Finnish Lake District<\/em> (Iskos 25).<\/p>\n\n\n<div class=\"wp-block-image\">\n<figure class=\"alignleft size-large is-resized\"><img decoding=\"async\" loading=\"lazy\" src=\"https:\/\/www.muinaismuistoyhdistys.fi\/wp-content\/uploads\/2023\/09\/ISKOS-cover_issue_9179_fi_FI-704x1024.jpg\" alt=\"\" class=\"wp-image-870\" width=\"229\" height=\"332\" srcset=\"https:\/\/www.muinaismuistoyhdistys.fi\/wp-content\/uploads\/2023\/09\/ISKOS-cover_issue_9179_fi_FI-704x1024.jpg 704w, https:\/\/www.muinaismuistoyhdistys.fi\/wp-content\/uploads\/2023\/09\/ISKOS-cover_issue_9179_fi_FI-206x300.jpg 206w, https:\/\/www.muinaismuistoyhdistys.fi\/wp-content\/uploads\/2023\/09\/ISKOS-cover_issue_9179_fi_FI-768x1117.jpg 768w, https:\/\/www.muinaismuistoyhdistys.fi\/wp-content\/uploads\/2023\/09\/ISKOS-cover_issue_9179_fi_FI-1056x1536.jpg 1056w, https:\/\/www.muinaismuistoyhdistys.fi\/wp-content\/uploads\/2023\/09\/ISKOS-cover_issue_9179_fi_FI-1408x2048.jpg 1408w, https:\/\/www.muinaismuistoyhdistys.fi\/wp-content\/uploads\/2023\/09\/ISKOS-cover_issue_9179_fi_FI-676x983.jpg 676w, https:\/\/www.muinaismuistoyhdistys.fi\/wp-content\/uploads\/2023\/09\/ISKOS-cover_issue_9179_fi_FI-scaled.jpg 1760w\" sizes=\"(max-width: 229px) 100vw, 229px\" \/><\/figure><\/div>\n\n\n<p>Kaikki sarjan julkaisut l\u00f6ytyv\u00e4t <a href=\"http:\/\/www.muinaismuistoyhdistys.fi\/wp-content\/uploads\/2024\/12\/Iskos_julkaisuluettelo_2024.pdf\" target=\"_blank\" rel=\"noreferrer noopener\">julkaisuluettelosta<\/a>. Sarjan digitoidut julkaisut ovat luettavissa <a rel=\"noreferrer noopener\" href=\"https:\/\/journal.fi\/iskos\/issue\/archive\" target=\"_blank\">journal.fi-palvelussa<\/a>.<\/p>\n","protected":false},"excerpt":{"rendered":"<p>Iskos (perustettu 1976) on kansainv\u00e4linen arkeologinen sarja, jossa julkaistaan v\u00e4it\u00f6skirjoja sek\u00e4 muita monografioita ja artikkelikokoelmia, konferenssien esitelmi\u00e4 ja tutkimusprojektien tuloksia. Sarjassa noudatetaan vertaisarviointik\u00e4yt\u00e4nt\u00f6\u00e4. P\u00e4\u00e4toimittaja on FT Petro Pesonen (petro.pesonen(at)gmail.com). Kansainv\u00e4lisen toimitusneuvoston j\u00e4senet ovat: prof. Aivar Kriiska (University of Tartu), prof. Vesa-Pekka Herva (Oulun yliopisto), prof. Henny Piezonka (Christian-Albrechts-Universit\u00e4t zu Kiel), FT Elisabeth Holmqvist (Helsingin yliopisto) [&hellip;]<\/p>\n","protected":false},"author":1,"featured_media":0,"parent":63,"menu_order":0,"comment_status":"closed","ping_status":"closed","template":"","meta":[],"_links":{"self":[{"href":"https:\/\/www.muinaismuistoyhdistys.fi\/index.php\/wp-json\/wp\/v2\/pages\/311"}],"collection":[{"href":"https:\/\/www.muinaismuistoyhdistys.fi\/index.php\/wp-json\/wp\/v2\/pages"}],"about":[{"href":"https:\/\/www.muinaismuistoyhdistys.fi\/index.php\/wp-json\/wp\/v2\/types\/page"}],"author":[{"embeddable":true,"href":"https:\/\/www.muinaismuistoyhdistys.fi\/index.php\/wp-json\/wp\/v2\/users\/1"}],"replies":[{"embeddable":true,"href":"https:\/\/www.muinaismuistoyhdistys.fi\/index.php\/wp-json\/wp\/v2\/comments?post=311"}],"version-history":[{"count":32,"href":"https:\/\/www.muinaismuistoyhdistys.fi\/index.php\/wp-json\/wp\/v2\/pages\/311\/revisions"}],"predecessor-version":[{"id":1356,"href":"https:\/\/www.muinaismuistoyhdistys.fi\/index.php\/wp-json\/wp\/v2\/pages\/311\/revisions\/1356"}],"up":[{"embeddable":true,"href":"https:\/\/www.muinaismuistoyhdistys.fi\/index.php\/wp-json\/wp\/v2\/pages\/63"}],"wp:attachment":[{"href":"https:\/\/www.muinaismuistoyhdistys.fi\/index.php\/wp-json\/wp\/v2\/media?parent=311"}],"curies":[{"name":"wp","href":"https:\/\/api.w.org\/{rel}","templated":true}]}}