{"id":31,"date":"2019-12-02T18:31:01","date_gmt":"2019-12-02T16:31:01","guid":{"rendered":"http:\/\/localhost\/wordpress\/?page_id=31"},"modified":"2023-12-19T00:03:34","modified_gmt":"2023-12-18T21:03:34","slug":"yhdistys","status":"publish","type":"page","link":"https:\/\/www.muinaismuistoyhdistys.fi\/index.php\/yhdistys\/","title":{"rendered":"Yhdistys"},"content":{"rendered":"\n<p>Suomen Muinaismuistoyhdistys tarkoituksena on alusta l\u00e4htien ollut edist\u00e4\u00e4 Suomen sek\u00e4 mahdollisuuksien mukaan muiden kansojen ja alueiden muinaisuutta valaisevaa muinaistieteellist\u00e4, kansatieteellist\u00e4, taidehistoriallista ja kulttuurihistoriallista tutkimusta, levitt\u00e4\u00e4 tietoa sek\u00e4 her\u00e4tt\u00e4\u00e4 ja pit\u00e4\u00e4 vireill\u00e4 kiinnostusta kulttuuriperint\u00f6\u00f6n. <\/p>\n\n\n<div class=\"wp-block-image\">\n<figure class=\"alignright size-full\"><img decoding=\"async\" loading=\"lazy\" width=\"394\" height=\"295\" src=\"http:\/\/www.muinaismuistoyhdistys.fi\/wp-content\/uploads\/2021\/04\/Kirjanselat.jpg\" alt=\"\" class=\"wp-image-254\" srcset=\"https:\/\/www.muinaismuistoyhdistys.fi\/wp-content\/uploads\/2021\/04\/Kirjanselat.jpg 394w, https:\/\/www.muinaismuistoyhdistys.fi\/wp-content\/uploads\/2021\/04\/Kirjanselat-300x225.jpg 300w\" sizes=\"(max-width: 394px) 100vw, 394px\" \/><\/figure><\/div>\n\n\n<p>Yhdistys on toiminut vuodesta 1870 ja on Tieteellisten seurain valtuuskunnan j\u00e4senseura.\u00a0Suomen Muinaismuistoyhdistys on rekister\u00f6itynyt yhdistys ja oikeuskelpoinen. <\/p>\n\n\n\n<p><\/p>\n","protected":false},"excerpt":{"rendered":"<p>Suomen Muinaismuistoyhdistys tarkoituksena on alusta l\u00e4htien ollut edist\u00e4\u00e4 Suomen sek\u00e4 mahdollisuuksien mukaan muiden kansojen ja alueiden muinaisuutta valaisevaa muinaistieteellist\u00e4, kansatieteellist\u00e4, taidehistoriallista ja kulttuurihistoriallista tutkimusta, levitt\u00e4\u00e4 tietoa sek\u00e4 her\u00e4tt\u00e4\u00e4 ja pit\u00e4\u00e4 vireill\u00e4 kiinnostusta kulttuuriperint\u00f6\u00f6n. Yhdistys on toiminut vuodesta 1870 ja on Tieteellisten seurain valtuuskunnan j\u00e4senseura.\u00a0Suomen Muinaismuistoyhdistys on rekister\u00f6itynyt yhdistys ja oikeuskelpoinen.<\/p>\n","protected":false},"author":1,"featured_media":0,"parent":0,"menu_order":2,"comment_status":"closed","ping_status":"closed","template":"","meta":[],"_links":{"self":[{"href":"https:\/\/www.muinaismuistoyhdistys.fi\/index.php\/wp-json\/wp\/v2\/pages\/31"}],"collection":[{"href":"https:\/\/www.muinaismuistoyhdistys.fi\/index.php\/wp-json\/wp\/v2\/pages"}],"about":[{"href":"https:\/\/www.muinaismuistoyhdistys.fi\/index.php\/wp-json\/wp\/v2\/types\/page"}],"author":[{"embeddable":true,"href":"https:\/\/www.muinaismuistoyhdistys.fi\/index.php\/wp-json\/wp\/v2\/users\/1"}],"replies":[{"embeddable":true,"href":"https:\/\/www.muinaismuistoyhdistys.fi\/index.php\/wp-json\/wp\/v2\/comments?post=31"}],"version-history":[{"count":5,"href":"https:\/\/www.muinaismuistoyhdistys.fi\/index.php\/wp-json\/wp\/v2\/pages\/31\/revisions"}],"predecessor-version":[{"id":1123,"href":"https:\/\/www.muinaismuistoyhdistys.fi\/index.php\/wp-json\/wp\/v2\/pages\/31\/revisions\/1123"}],"wp:attachment":[{"href":"https:\/\/www.muinaismuistoyhdistys.fi\/index.php\/wp-json\/wp\/v2\/media?parent=31"}],"curies":[{"name":"wp","href":"https:\/\/api.w.org\/{rel}","templated":true}]}}