{"id":309,"date":"2021-10-22T21:09:59","date_gmt":"2021-10-22T18:09:59","guid":{"rendered":"http:\/\/www.muinaismuistoyhdistys.fi\/uudetsivut\/?page_id=309"},"modified":"2026-01-29T00:08:19","modified_gmt":"2026-01-28T21:08:19","slug":"kansatieteellinen-arkisto","status":"publish","type":"page","link":"https:\/\/www.muinaismuistoyhdistys.fi\/index.php\/stiftelsens-stadgar\/kansatieteellinen-arkisto\/","title":{"rendered":"Kansatieteellinen Arkisto"},"content":{"rendered":"<div class=\"wp-block-image\">\n<figure class=\"alignright size-medium\"><img decoding=\"async\" loading=\"lazy\" width=\"209\" height=\"300\" src=\"https:\/\/www.muinaismuistoyhdistys.fi\/wp-content\/uploads\/2021\/11\/Maija-Ma\u0308ki-209x300.jpeg\" alt=\"\" class=\"wp-image-422\" srcset=\"https:\/\/www.muinaismuistoyhdistys.fi\/wp-content\/uploads\/2021\/11\/Maija-Ma\u0308ki-209x300.jpeg 209w, https:\/\/www.muinaismuistoyhdistys.fi\/wp-content\/uploads\/2021\/11\/Maija-Ma\u0308ki-714x1024.jpeg 714w, https:\/\/www.muinaismuistoyhdistys.fi\/wp-content\/uploads\/2021\/11\/Maija-Ma\u0308ki-768x1102.jpeg 768w, https:\/\/www.muinaismuistoyhdistys.fi\/wp-content\/uploads\/2021\/11\/Maija-Ma\u0308ki-1071x1536.jpeg 1071w, https:\/\/www.muinaismuistoyhdistys.fi\/wp-content\/uploads\/2021\/11\/Maija-Ma\u0308ki-1428x2048.jpeg 1428w, https:\/\/www.muinaismuistoyhdistys.fi\/wp-content\/uploads\/2021\/11\/Maija-Ma\u0308ki-676x970.jpeg 676w, https:\/\/www.muinaismuistoyhdistys.fi\/wp-content\/uploads\/2021\/11\/Maija-Ma\u0308ki-scaled.jpeg 1784w\" sizes=\"(max-width: 209px) 100vw, 209px\" \/><figcaption class=\"wp-element-caption\">Maija M\u00e4en v\u00e4it\u00f6skirjatutkimuksen aiheena on matkailun mahdolliset tulevaisuudet arkeologisilla maastokohteilla Suomessa.<\/figcaption><\/figure><\/div>\n\n\n<p><strong>Kansatieteellinen Arkisto<\/strong> (perustettu 1934) julkaisee ajankohtaista kansatieteellist\u00e4 ja etnologista tutkimusta. Sarja on avoin alan monografiak\u00e4sikirjoituksille, kuten v\u00e4it\u00f6stutkimuksille, ja artikkelikokoelmille. Kansatieteellisess\u00e4 Arkistossa julkaistut tutkimukset ovat alalla laajasti tunnettuja ja niit\u00e4 k\u00e4ytet\u00e4\u00e4n valintakoe- ja tenttikirjoina useissa yliopistoissa.<\/p>\n\n\n\n<p>V\u00e4it\u00f6skirjoja lukuun ottamatta Kansatieteellisen Arkiston julkaisut k\u00e4yv\u00e4t l\u00e4pi\u00a0<strong>vertaisarviointiprosessin<\/strong>.\u00a0 Artikkelikokoelman vertaisarviointiprosessin organisoi v\u00e4itellyt henkil\u00f6, joka on riippumaton toimituskunnasta. K\u00e4sikirjoitukset l\u00e4hetet\u00e4\u00e4n vertaisarvioitavaksi v\u00e4hint\u00e4\u00e4n kahdelle v\u00e4itelleelle lausunnonantajalle.\u00a0 Vertaisarviointi toteutetaan useimmiten tuplasokkona (double blind review), jossa kirjoittajan ja arvioijan henkil\u00f6llisyys s\u00e4ilyv\u00e4t toisilleen tuntemattomina. L\u00f6yd\u00e4t kirjoitusohjeet alta.<\/p>\n\n\n\n<div class=\"wp-block-file\"><object class=\"wp-block-file__embed\" data=\"https:\/\/www.muinaismuistoyhdistys.fi\/wp-content\/uploads\/2025\/03\/KA_kirjoitusohjeet-1.pdf\" type=\"application\/pdf\" style=\"width:100%;height:200px\" aria-label=\"Embed of KA_kirjoitusohjeet-1.\"><\/object><a id=\"wp-block-file--media-21ff9044-3430-4528-8c52-67b7616aa613\" href=\"https:\/\/www.muinaismuistoyhdistys.fi\/wp-content\/uploads\/2025\/03\/KA_kirjoitusohjeet-1.pdf\">KA_kirjoitusohjeet-1<\/a><a href=\"https:\/\/www.muinaismuistoyhdistys.fi\/wp-content\/uploads\/2025\/03\/KA_kirjoitusohjeet-1.pdf\" class=\"wp-block-file__button wp-element-button\" download aria-describedby=\"wp-block-file--media-21ff9044-3430-4528-8c52-67b7616aa613\">Download<\/a><\/div>\n\n\n\n<p>P\u00e4\u00e4toimittavat yhdess\u00e4 yliopisto-opettaja, FT Maija M\u00e4ki (maija.j.maki(at)utu.fi) ja dosentti Tytti Suominen (tytti.suominen(at)helsinki.fi) \/ (tytti.suominen(at)utu.fi). Toimitusneuvostoon kuuluvat professori Mika Lavento (Helsingin yliopisto), dosentti Ildik\u00f3 Lehtinen (Helsingin yliopisto) ja professori emerita Helena Ruotsala (Turun yliopisto). <\/p>\n\n\n<div class=\"wp-block-image\">\n<figure class=\"alignleft size-large is-resized\"><img decoding=\"async\" loading=\"lazy\" src=\"https:\/\/www.muinaismuistoyhdistys.fi\/wp-content\/uploads\/2025\/02\/Pietilainen_etukansi-721x1024.jpg\" alt=\"\" class=\"wp-image-1416\" width=\"276\" height=\"392\" srcset=\"https:\/\/www.muinaismuistoyhdistys.fi\/wp-content\/uploads\/2025\/02\/Pietilainen_etukansi-721x1024.jpg 721w, https:\/\/www.muinaismuistoyhdistys.fi\/wp-content\/uploads\/2025\/02\/Pietilainen_etukansi-211x300.jpg 211w, https:\/\/www.muinaismuistoyhdistys.fi\/wp-content\/uploads\/2025\/02\/Pietilainen_etukansi-768x1091.jpg 768w, https:\/\/www.muinaismuistoyhdistys.fi\/wp-content\/uploads\/2025\/02\/Pietilainen_etukansi-1081x1536.jpg 1081w, https:\/\/www.muinaismuistoyhdistys.fi\/wp-content\/uploads\/2025\/02\/Pietilainen_etukansi-1442x2048.jpg 1442w, https:\/\/www.muinaismuistoyhdistys.fi\/wp-content\/uploads\/2025\/02\/Pietilainen_etukansi-676x960.jpg 676w, https:\/\/www.muinaismuistoyhdistys.fi\/wp-content\/uploads\/2025\/02\/Pietilainen_etukansi-scaled.jpg 1802w\" sizes=\"(max-width: 276px) 100vw, 276px\" \/><\/figure><\/div>\n\n\n<p>Kansatieteellisen Arkiston uusin nide (KA 66), Terhi Pietil\u00e4isen v\u00e4it\u00f6skirja <em>Monipaikkainen Viipuri &#8211; Muistitietotutkimus siirtov\u00e4en kaupunkilaisesta karjalaisuudesta<\/em> on julkaistu helmikuussa 2025.<\/p>\n\n\n\n<p>Millainen oli Viipuri, jossa pel\u00e4ttiin ja odotettiin sodan alkamista syksyll\u00e4 1939? Mit\u00e4 tapahtui, kun pakomatkalle oli pakko l\u00e4hte\u00e4, ja milt\u00e4 paluu evakosta takaisin Karjalaan tuntui? Miten esineet liittyiv\u00e4t luopumisen muistoihin? N\u00e4ihin ja moniin muihin Viipuria koskeviin kysymyksiin vastaa Terhi Pietil\u00e4isen etnologian alan v\u00e4it\u00f6skirja <em>Monipaikkainen Viipuri: Muistitietotutkimus siirtov\u00e4en kaupunkilaisesta karjalaisuudesta<\/em>. Kosolti uutta tietoa tarjoava tutkimus tuo esiin v\u00e4hemm\u00e4n esill\u00e4 ollutta urbaania n\u00e4k\u00f6kulmaa siirtokarjalaisuuteen.<\/p>\n\n\n\n<p>Runsaaseen haastatteluaineistoon perustuva teos kartoittaa kaupunkilaisten karjalaisten ja viipurilaisuuden asemaa osana suomalaista kulttuurista muistia. Viipurilaisten monikulttuurinen ja -paikkainen el\u00e4m\u00e4nmuoto katkesi toisen maailmansodan aikana. Niin Viipurilla kuin perheell\u00e4kin oli oma roolinsa hegemonisessa kertomuksessa karjalaisen siirtov\u00e4en selviytymisest\u00e4. Lukija voi el\u00e4yty\u00e4 muistelijoiden kokemuksiin sodasta ja menetyksest\u00e4 moni\u00e4\u00e4nisen ja rikkaan muistelukerronnan v\u00e4lityksell\u00e4.<\/p>\n\n\n\n<div style=\"height:4px\" aria-hidden=\"true\" class=\"wp-block-spacer\"><\/div>\n\n\n\n<p>Sarjan aiemmat julkaisut vuonna 2023 ovat Niina Koskihaaran <em>Kun kunta lakkasi olemasta. Kyl\u00e4- ja kotiseutuyhdistykset kuntarakenteen muutoksiin reagoivina toimijoina<\/em> (KA65), Anna Kirveennummen <em>Kutsu osallistua tieteelliseen toimintaan &#8211; Etnografisia n\u00e4k\u00f6kulmia monitieteisen kyselytoiminnan yhteisty\u00f6h\u00f6n ja k\u00e4yt\u00e4nt\u00f6ihin<\/em> (KA 64) ja Eino Heikkil\u00e4n <em>Narratiivinen tutkijuus ja tiet\u00e4minen etnografiassa<\/em> (KA 63).<\/p>\n\n\n\n<div style=\"height:0px\" aria-hidden=\"true\" class=\"wp-block-spacer\"><\/div>\n\n\n\n<figure class=\"wp-block-gallery has-nested-images columns-default is-cropped wp-block-gallery-1 is-layout-flex\">\n<figure class=\"wp-block-image size-large\"><img decoding=\"async\" loading=\"lazy\" width=\"491\" height=\"700\" data-id=\"1052\"  src=\"https:\/\/www.muinaismuistoyhdistys.fi\/wp-content\/uploads\/2023\/11\/38807-KA-65-c.jpg\" alt=\"\" class=\"wp-image-1052\" srcset=\"https:\/\/www.muinaismuistoyhdistys.fi\/wp-content\/uploads\/2023\/11\/38807-KA-65-c.jpg 491w, https:\/\/www.muinaismuistoyhdistys.fi\/wp-content\/uploads\/2023\/11\/38807-KA-65-c-210x300.jpg 210w\" sizes=\"(max-width: 491px) 100vw, 491px\" \/><\/figure>\n\n\n\n<figure class=\"wp-block-image size-large\"><img decoding=\"async\" loading=\"lazy\" width=\"492\" height=\"699\" data-id=\"906\"  src=\"https:\/\/www.muinaismuistoyhdistys.fi\/wp-content\/uploads\/2023\/09\/anna-kirveennummi-kirjan-kansi-1-7.jpg\" alt=\"\" class=\"wp-image-906\" srcset=\"https:\/\/www.muinaismuistoyhdistys.fi\/wp-content\/uploads\/2023\/09\/anna-kirveennummi-kirjan-kansi-1-7.jpg 492w, https:\/\/www.muinaismuistoyhdistys.fi\/wp-content\/uploads\/2023\/09\/anna-kirveennummi-kirjan-kansi-1-7-211x300.jpg 211w\" sizes=\"(max-width: 492px) 100vw, 492px\" \/><\/figure>\n\n\n\n<figure class=\"wp-block-image size-large\"><img decoding=\"async\" loading=\"lazy\" width=\"492\" height=\"696\" data-id=\"907\"  src=\"https:\/\/www.muinaismuistoyhdistys.fi\/wp-content\/uploads\/2023\/09\/EINO-HEIKKILA-kansi-1-3.jpg\" alt=\"\" class=\"wp-image-907\" srcset=\"https:\/\/www.muinaismuistoyhdistys.fi\/wp-content\/uploads\/2023\/09\/EINO-HEIKKILA-kansi-1-3.jpg 492w, https:\/\/www.muinaismuistoyhdistys.fi\/wp-content\/uploads\/2023\/09\/EINO-HEIKKILA-kansi-1-3-212x300.jpg 212w\" sizes=\"(max-width: 492px) 100vw, 492px\" \/><\/figure>\n<\/figure>\n\n\n\n<p>Sarjan kaikki julkaisut on listattu <a href=\"https:\/\/www.muinaismuistoyhdistys.fi\/wp-content\/uploads\/2025\/02\/KA-julkaisuluettelo-2025.pdf\" target=\"_blank\" rel=\"noreferrer noopener\">julkaisuluetteloon<\/a>. Digitoidut julkaisut ovat vapaasti luettavissa <a rel=\"noreferrer noopener\" href=\"https:\/\/edition.fi\/smy\/\" target=\"_blank\">Edition<\/a>-verkkosivuilta. My\u00f6s Kansatieteellisen Arkiston niteet I-VI ovat vapaasti luettavissa <a rel=\"noreferrer noopener\" href=\"https:\/\/fennougrica.kansalliskirjasto.fi\/handle\/10024\/89735\" target=\"_blank\">verkossa<\/a>. Kuten muutkin Suomen Muinaismuistoyhdistyksen julkaisut, my\u00f6s KA-sarjan kirjat l\u00f6ytyv\u00e4t my\u00f6s Tiedekirjan kivijalkakaupasta Snellmaninkadulta Helsingist\u00e4 sek\u00e4 Tiedekirjan <a rel=\"noreferrer noopener\" href=\"https:\/\/tiedekirja.fi\/fi\/\" target=\"_blank\">verkkokaupasta<\/a>.<\/p>\n","protected":false},"excerpt":{"rendered":"<p>Kansatieteellinen Arkisto (perustettu 1934) julkaisee ajankohtaista kansatieteellist\u00e4 ja etnologista tutkimusta. Sarja on avoin alan monografiak\u00e4sikirjoituksille, kuten v\u00e4it\u00f6stutkimuksille, ja artikkelikokoelmille. Kansatieteellisess\u00e4 Arkistossa julkaistut tutkimukset ovat alalla laajasti tunnettuja ja niit\u00e4 k\u00e4ytet\u00e4\u00e4n valintakoe- ja tenttikirjoina useissa yliopistoissa. V\u00e4it\u00f6skirjoja lukuun ottamatta Kansatieteellisen Arkiston julkaisut k\u00e4yv\u00e4t l\u00e4pi\u00a0vertaisarviointiprosessin.\u00a0 Artikkelikokoelman vertaisarviointiprosessin organisoi v\u00e4itellyt henkil\u00f6, joka on riippumaton toimituskunnasta. K\u00e4sikirjoitukset l\u00e4hetet\u00e4\u00e4n vertaisarvioitavaksi [&hellip;]<\/p>\n","protected":false},"author":1,"featured_media":0,"parent":63,"menu_order":0,"comment_status":"closed","ping_status":"closed","template":"","meta":[],"_links":{"self":[{"href":"https:\/\/www.muinaismuistoyhdistys.fi\/index.php\/wp-json\/wp\/v2\/pages\/309"}],"collection":[{"href":"https:\/\/www.muinaismuistoyhdistys.fi\/index.php\/wp-json\/wp\/v2\/pages"}],"about":[{"href":"https:\/\/www.muinaismuistoyhdistys.fi\/index.php\/wp-json\/wp\/v2\/types\/page"}],"author":[{"embeddable":true,"href":"https:\/\/www.muinaismuistoyhdistys.fi\/index.php\/wp-json\/wp\/v2\/users\/1"}],"replies":[{"embeddable":true,"href":"https:\/\/www.muinaismuistoyhdistys.fi\/index.php\/wp-json\/wp\/v2\/comments?post=309"}],"version-history":[{"count":42,"href":"https:\/\/www.muinaismuistoyhdistys.fi\/index.php\/wp-json\/wp\/v2\/pages\/309\/revisions"}],"predecessor-version":[{"id":1581,"href":"https:\/\/www.muinaismuistoyhdistys.fi\/index.php\/wp-json\/wp\/v2\/pages\/309\/revisions\/1581"}],"up":[{"embeddable":true,"href":"https:\/\/www.muinaismuistoyhdistys.fi\/index.php\/wp-json\/wp\/v2\/pages\/63"}],"wp:attachment":[{"href":"https:\/\/www.muinaismuistoyhdistys.fi\/index.php\/wp-json\/wp\/v2\/media?parent=309"}],"curies":[{"name":"wp","href":"https:\/\/api.w.org\/{rel}","templated":true}]}}