{"id":307,"date":"2021-10-22T21:06:59","date_gmt":"2021-10-22T18:06:59","guid":{"rendered":"http:\/\/www.muinaismuistoyhdistys.fi\/uudetsivut\/?page_id=307"},"modified":"2026-01-29T00:24:07","modified_gmt":"2026-01-28T21:24:07","slug":"suomen-muinaismuistoyhdistyksen-aikakauskirja-finska-fornminnesforeningens-tidskrift","status":"publish","type":"page","link":"https:\/\/www.muinaismuistoyhdistys.fi\/index.php\/stiftelsens-stadgar\/suomen-muinaismuistoyhdistyksen-aikakauskirja-finska-fornminnesforeningens-tidskrift\/","title":{"rendered":"Suomen Muinaismuistoyhdistyksen Aikakauskirja \u2013 Finska Fornminnesf\u00f6reningens Tidskrift"},"content":{"rendered":"\n<p><strong>Suomen Muinaismuistoyhdistyksen Aikakauskirja \u2013 Finska Fornminnesf\u00f6reningens Tidskrift<\/strong>&nbsp; on yhdistyksemme vanhin julkaisusarja, joka alkoi ilmesty\u00e4 jo 1874. Alkuaikoina sarjassa julkaistiin my\u00f6s artikkelikokoelmia. <\/p>\n\n\n\n<p>Nyky\u00e4\u00e4n sarja on keskittynyt erityisesti taidehistorian alan tieteellisiin monografioihin, jotka vaativat korkeatasoista kuvitusta. Uusi kirja ilmestyy noin kerran vuodessa. Sarjaa p\u00e4\u00e4toimittaa dosentti Leena Valkeap\u00e4\u00e4 (leena.valkeapaa(at)outlook.com).<\/p>\n\n\n<div class=\"wp-block-image\">\n<figure class=\"alignleft size-full is-resized\"><img decoding=\"async\" loading=\"lazy\" src=\"https:\/\/www.muinaismuistoyhdistys.fi\/wp-content\/uploads\/2025\/11\/kansikuva-kopio.jpg\" alt=\"\" class=\"wp-image-1560\" width=\"204\" height=\"291\" srcset=\"https:\/\/www.muinaismuistoyhdistys.fi\/wp-content\/uploads\/2025\/11\/kansikuva-kopio.jpg 387w, https:\/\/www.muinaismuistoyhdistys.fi\/wp-content\/uploads\/2025\/11\/kansikuva-kopio-210x300.jpg 210w\" sizes=\"(max-width: 204px) 100vw, 204px\" \/><\/figure><\/div>\n\n\n<p>Sarjan uusin julkaisu, Liisa Kunnaksen <em>Kaukaisin menneisyys.<\/em> <em>Kivikauden k\u00e4sitteen muotoutuminen 1700-luvulta 1900-luvun alkuun<\/em> (SMYA 127), on julkaistu syksyll\u00e4 2025. Lis\u00e4tietoja teoksesta l\u00f6yd\u00e4t <a href=\"https:\/\/www.muinaismuistoyhdistys.fi\/index.php\/ajankohtaista\/\" target=\"_blank\" rel=\"noreferrer noopener\">Ajankohtaista<\/a>-sivultamme. <\/p>\n\n\n\n<div style=\"height:0px\" aria-hidden=\"true\" class=\"wp-block-spacer\"><\/div>\n\n\n<div class=\"wp-block-image\">\n<figure class=\"alignright size-full is-resized\"><img decoding=\"async\" loading=\"lazy\" src=\"https:\/\/www.muinaismuistoyhdistys.fi\/wp-content\/uploads\/2025\/01\/Makikalli-Boman.jpg\" alt=\"\" class=\"wp-image-1367\" width=\"203\" height=\"289\" srcset=\"https:\/\/www.muinaismuistoyhdistys.fi\/wp-content\/uploads\/2025\/01\/Makikalli-Boman.jpg 492w, https:\/\/www.muinaismuistoyhdistys.fi\/wp-content\/uploads\/2025\/01\/Makikalli-Boman-211x300.jpg 211w\" sizes=\"(max-width: 203px) 100vw, 203px\" \/><\/figure><\/div>\n\n\n<p><\/p>\n\n\n\n<p>Uusi painos Maija M\u00e4kikallin loppuunmyydyst\u00e4 kirjasta <em>Laatuhuonekaluja koteihin &#8211; Boman, moderni ja suomalaisen huonekalutaiteen murros 1920-luvulta 1950-luvulle<\/em> (2021) julkaistiin syksyll\u00e4 2024.<\/p>\n\n\n\n<div style=\"height:0px\" aria-hidden=\"true\" class=\"wp-block-spacer\"><\/div>\n\n\n\n<p><\/p>\n\n\n<div class=\"wp-block-image\">\n<figure class=\"alignright size-medium\"><img decoding=\"async\" loading=\"lazy\" width=\"211\" height=\"300\" src=\"https:\/\/www.muinaismuistoyhdistys.fi\/wp-content\/uploads\/2023\/03\/Tuulas-Inkinen_va\u0308ito\u0308s_kansi-211x300.jpeg\" alt=\"\" class=\"wp-image-773\" srcset=\"https:\/\/www.muinaismuistoyhdistys.fi\/wp-content\/uploads\/2023\/03\/Tuulas-Inkinen_va\u0308ito\u0308s_kansi-211x300.jpeg 211w, https:\/\/www.muinaismuistoyhdistys.fi\/wp-content\/uploads\/2023\/03\/Tuulas-Inkinen_va\u0308ito\u0308s_kansi-720x1024.jpeg 720w, https:\/\/www.muinaismuistoyhdistys.fi\/wp-content\/uploads\/2023\/03\/Tuulas-Inkinen_va\u0308ito\u0308s_kansi-768x1093.jpeg 768w, https:\/\/www.muinaismuistoyhdistys.fi\/wp-content\/uploads\/2023\/03\/Tuulas-Inkinen_va\u0308ito\u0308s_kansi-1079x1536.jpeg 1079w, https:\/\/www.muinaismuistoyhdistys.fi\/wp-content\/uploads\/2023\/03\/Tuulas-Inkinen_va\u0308ito\u0308s_kansi-1439x2048.jpeg 1439w, https:\/\/www.muinaismuistoyhdistys.fi\/wp-content\/uploads\/2023\/03\/Tuulas-Inkinen_va\u0308ito\u0308s_kansi-676x962.jpeg 676w, https:\/\/www.muinaismuistoyhdistys.fi\/wp-content\/uploads\/2023\/03\/Tuulas-Inkinen_va\u0308ito\u0308s_kansi-scaled.jpeg 1799w\" sizes=\"(max-width: 211px) 100vw, 211px\" \/><\/figure><\/div>\n\n\n<p>Sarjan aiempi julkaisu on vuonna 2022 ilmestynyt Minna Tuulas-Inkisen v\u00e4it\u00f6skirja  <em>Tyylin luojat, tunnelman tuojat -Taiteilijatapetit Suomessa 1950-luvulla<\/em> (SMYA 126).<\/p>\n\n\n\n<p><\/p>\n\n\n\n<p>Sarjan kaikki julkaisut l\u00f6ytyv\u00e4t <a href=\"https:\/\/www.muinaismuistoyhdistys.fi\/wp-content\/uploads\/2023\/09\/SMYA_julkaisuluettelo_2023.pdf\">julkaisuluettelosta<\/a>. Julkaisut ovat vapaasti luettavissa&nbsp;<a rel=\"noreferrer noopener\" href=\"https:\/\/edition.fi\/smy\/\" target=\"_blank\">Edition<\/a>-verkkosivuilta vuosi julkaisemisen j\u00e4lkeen. Sarjan ensimm\u00e4isi\u00e4 julkaisuja on digitoitu Kansalliskirjaston <a rel=\"noreferrer noopener\" href=\"https:\/\/fennougrica.kansalliskirjasto.fi\/handle\/10024\/89733\/recent-submissions?offset=0\" target=\"_blank\">Fenno-Ugrica -kokoelmaan<\/a>. Julkaisut ovat <a href=\"https:\/\/kopiosto.fi\/en\/kopiosto\/for-users-of-works\/copying-of-publications-and-works\/\">Kopioston<\/a> kopiointiluvan alaisuudessa.<\/p>\n","protected":false},"excerpt":{"rendered":"<p>Suomen Muinaismuistoyhdistyksen Aikakauskirja \u2013 Finska Fornminnesf\u00f6reningens Tidskrift&nbsp; on yhdistyksemme vanhin julkaisusarja, joka alkoi ilmesty\u00e4 jo 1874. Alkuaikoina sarjassa julkaistiin my\u00f6s artikkelikokoelmia. Nyky\u00e4\u00e4n sarja on keskittynyt erityisesti taidehistorian alan tieteellisiin monografioihin, jotka vaativat korkeatasoista kuvitusta. Uusi kirja ilmestyy noin kerran vuodessa. Sarjaa p\u00e4\u00e4toimittaa dosentti Leena Valkeap\u00e4\u00e4 (leena.valkeapaa(at)outlook.com). Sarjan uusin julkaisu, Liisa Kunnaksen Kaukaisin menneisyys. Kivikauden k\u00e4sitteen [&hellip;]<\/p>\n","protected":false},"author":1,"featured_media":0,"parent":63,"menu_order":0,"comment_status":"closed","ping_status":"closed","template":"","meta":[],"_links":{"self":[{"href":"https:\/\/www.muinaismuistoyhdistys.fi\/index.php\/wp-json\/wp\/v2\/pages\/307"}],"collection":[{"href":"https:\/\/www.muinaismuistoyhdistys.fi\/index.php\/wp-json\/wp\/v2\/pages"}],"about":[{"href":"https:\/\/www.muinaismuistoyhdistys.fi\/index.php\/wp-json\/wp\/v2\/types\/page"}],"author":[{"embeddable":true,"href":"https:\/\/www.muinaismuistoyhdistys.fi\/index.php\/wp-json\/wp\/v2\/users\/1"}],"replies":[{"embeddable":true,"href":"https:\/\/www.muinaismuistoyhdistys.fi\/index.php\/wp-json\/wp\/v2\/comments?post=307"}],"version-history":[{"count":30,"href":"https:\/\/www.muinaismuistoyhdistys.fi\/index.php\/wp-json\/wp\/v2\/pages\/307\/revisions"}],"predecessor-version":[{"id":1586,"href":"https:\/\/www.muinaismuistoyhdistys.fi\/index.php\/wp-json\/wp\/v2\/pages\/307\/revisions\/1586"}],"up":[{"embeddable":true,"href":"https:\/\/www.muinaismuistoyhdistys.fi\/index.php\/wp-json\/wp\/v2\/pages\/63"}],"wp:attachment":[{"href":"https:\/\/www.muinaismuistoyhdistys.fi\/index.php\/wp-json\/wp\/v2\/media?parent=307"}],"curies":[{"name":"wp","href":"https:\/\/api.w.org\/{rel}","templated":true}]}}