{"id":305,"date":"2021-10-22T21:02:28","date_gmt":"2021-10-22T18:02:28","guid":{"rendered":"http:\/\/www.muinaismuistoyhdistys.fi\/uudetsivut\/?page_id=305"},"modified":"2026-01-29T00:20:46","modified_gmt":"2026-01-28T21:20:46","slug":"suomen-museo-finskt-museum","status":"publish","type":"page","link":"https:\/\/www.muinaismuistoyhdistys.fi\/index.php\/stiftelsens-stadgar\/suomen-museo-finskt-museum\/","title":{"rendered":"Suomen Museo-Finskt Museum"},"content":{"rendered":"\n<p>Pohjoismaiden vanhimpiin antikvaarisiin julkaisuihin kuuluva&nbsp;<em>Suomen Museo-Finskt Museum<\/em>&nbsp;julkaisee&nbsp;<a rel=\"noreferrer noopener\" href=\"https:\/\/www.tsv.fi\/fi\/palvelut\/tunnus\/lisatietoa-vertaisarvioinnista\" target=\"_blank\">vertaisarvioituja<\/a>&nbsp;tutkimusartikkeleita sek\u00e4 katsauksia, kirja- ja n\u00e4yttelyarvioita, matkakertomuksia, haastatteluja ja ajankohtaisia puheenvuoroja kulttuuriperinn\u00f6n tutkimuksen aloilta, joihin kuuluvat muun muassa arkeologia, etnologia, taidehistoria ja museologia. Julkaisukielet ovat suomi, ruotsi ja englanti.&nbsp;<em>SM-FM<\/em>&nbsp;vaalii kotimaisten kielten kehityst\u00e4 tieteen kielin\u00e4 ja auttaa tutkimusartikkeliensa kirjoittajia m\u00e4\u00e4rittelem\u00e4\u00e4n keskeiset k\u00e4sitteens\u00e4&nbsp;<a rel=\"noreferrer noopener\" href=\"https:\/\/tieteentermipankki.fi\/wiki\/Termipankki:Etusivu\" target=\"_blank\">Tieteen termipankissa<\/a>.<\/p>\n\n\n<div class=\"wp-block-image\">\n<figure class=\"alignright size-large is-resized\"><img decoding=\"async\" loading=\"lazy\" src=\"http:\/\/www.muinaismuistoyhdistys.fi\/wp-content\/uploads\/2022\/01\/SM-FM2021-kansi-695x1024.jpeg\" alt=\"\" class=\"wp-image-467\" width=\"290\" height=\"427\" srcset=\"https:\/\/www.muinaismuistoyhdistys.fi\/wp-content\/uploads\/2022\/01\/SM-FM2021-kansi-695x1024.jpeg 695w, https:\/\/www.muinaismuistoyhdistys.fi\/wp-content\/uploads\/2022\/01\/SM-FM2021-kansi-204x300.jpeg 204w, https:\/\/www.muinaismuistoyhdistys.fi\/wp-content\/uploads\/2022\/01\/SM-FM2021-kansi-768x1131.jpeg 768w, https:\/\/www.muinaismuistoyhdistys.fi\/wp-content\/uploads\/2022\/01\/SM-FM2021-kansi-1043x1536.jpeg 1043w, https:\/\/www.muinaismuistoyhdistys.fi\/wp-content\/uploads\/2022\/01\/SM-FM2021-kansi-1390x2048.jpeg 1390w, https:\/\/www.muinaismuistoyhdistys.fi\/wp-content\/uploads\/2022\/01\/SM-FM2021-kansi-676x996.jpeg 676w, https:\/\/www.muinaismuistoyhdistys.fi\/wp-content\/uploads\/2022\/01\/SM-FM2021-kansi-scaled.jpeg 1738w\" sizes=\"(max-width: 290px) 100vw, 290px\" \/><figcaption class=\"wp-element-caption\">Vuodesta 2020 alkaen Suomen Museo ja Finskt Museum on julkaistu yhteisniteen\u00e4.<\/figcaption><\/figure><\/div>\n\n\n<div class=\"wp-block-columns is-layout-flex wp-container-2\">\n<div class=\"wp-block-column is-layout-flow\"><\/div>\n<\/div>\n\n\n\n<p>Vuonna 1894 perustetut&nbsp;<em>Suomen Museo<\/em>&nbsp;(<a href=\"https:\/\/www.muinaismuistoyhdistys.fi\/wp-content\/uploads\/2024\/02\/SM-luettelo-2024.pdf\" target=\"_blank\" rel=\"noreferrer noopener\">julkaisuluettelo<\/a>) ja&nbsp;<em>Finskt Museum<\/em>&nbsp;(<a rel=\"noreferrer noopener\" href=\"https:\/\/www.muinaismuistoyhdistys.fi\/wp-content\/uploads\/2023\/09\/FM_julkaisuluettelo_2023.pdf\" target=\"_blank\">julkaisuluettelo<\/a>) ilmestyiv\u00e4t alkujaan erillisin\u00e4 vihkoina, joiden tarkoitus oli palvella paitsi tutkimusta my\u00f6s kansanvalistusta. Vuonna 2020 julkaisut yhdistyiv\u00e4t vuosikirjaksi&nbsp;<em>Suomen Museo-Finskt Museum<\/em>. Vuodesta 2008 l\u00e4htien julkaistut vuosikirjat ovat luettavissa&nbsp;<a rel=\"noreferrer noopener\" href=\"https:\/\/journal.fi\/suomenmuseo\/issue\/archive\" target=\"_blank\">journal.fi-palvelussa<\/a>, miss\u00e4 julkaistaan my\u00f6s kirjoituskutsut ja -ohjeet. Ennen vuotta 1936 julkaistut numerot l\u00f6ytyv\u00e4t puolestaan Kansalliskirjaston&nbsp;<a rel=\"noreferrer noopener\" href=\"https:\/\/fennougrica.kansalliskirjasto.fi\/handle\/10024\/89726\" target=\"_blank\">Fenno-Ugrica-palvelusta<\/a>.&nbsp;Ruotsinkieliset <em>Finskt Museum<\/em> -vuosikirjat l\u00f6yd\u00e4t <a rel=\"noreferrer noopener\" href=\"https:\/\/journal.fi\/finsktmuseum\/issue\/archive\" target=\"_blank\">t\u00e4\u00e4lt\u00e4<\/a>. <\/p>\n\n\n\n<div style=\"height:0px\" aria-hidden=\"true\" class=\"wp-block-spacer\"><\/div>\n\n\n\n<p><em>Suomen Museo-Finskt Museumia<\/em>&nbsp;p\u00e4\u00e4toimittaa FT Johanna Enqvist (johanna.enqvist(a)heureka.fi). Toimituskuntaan kuuluvat FT Frida Erhnsten, FT Inkeri Hakamies, FT Hanna Kemppi, v\u00e4it\u00f6skirjatutkija Liisa Kunnas ja FT Marko Marila. Toimitusneuvoston j\u00e4seni\u00e4 ovat dosentti Ildik\u00f3 Lehtinen, dosentti Helena Lonkila&nbsp; ja professori Anna Wessman.<\/p>\n\n\n\n<p><a href=\"https:\/\/journal.fi\/suomenmuseo\/issue\/view\/12445\" target=\"_blank\" rel=\"noreferrer noopener\">Vuosikirja 2025<\/a> ilmestyi tammikuussa 2026.<\/p>\n\n\n\n<figure class=\"wp-block-image size-large is-resized\"><img decoding=\"async\" loading=\"lazy\" src=\"https:\/\/www.muinaismuistoyhdistys.fi\/wp-content\/uploads\/2026\/01\/kansi-SMFM2025-722x1024.jpg\" alt=\"\" class=\"wp-image-1583\" width=\"473\" height=\"670\" srcset=\"https:\/\/www.muinaismuistoyhdistys.fi\/wp-content\/uploads\/2026\/01\/kansi-SMFM2025-722x1024.jpg 722w, https:\/\/www.muinaismuistoyhdistys.fi\/wp-content\/uploads\/2026\/01\/kansi-SMFM2025-211x300.jpg 211w, https:\/\/www.muinaismuistoyhdistys.fi\/wp-content\/uploads\/2026\/01\/kansi-SMFM2025-768x1090.jpg 768w, https:\/\/www.muinaismuistoyhdistys.fi\/wp-content\/uploads\/2026\/01\/kansi-SMFM2025-1083x1536.jpg 1083w, https:\/\/www.muinaismuistoyhdistys.fi\/wp-content\/uploads\/2026\/01\/kansi-SMFM2025-1444x2048.jpg 1444w, https:\/\/www.muinaismuistoyhdistys.fi\/wp-content\/uploads\/2026\/01\/kansi-SMFM2025-676x959.jpg 676w, https:\/\/www.muinaismuistoyhdistys.fi\/wp-content\/uploads\/2026\/01\/kansi-SMFM2025-scaled.jpg 1805w\" sizes=\"(max-width: 473px) 100vw, 473px\" \/><\/figure>\n\n\n\n<p>Sarjan aiempi julkaisu <em>Suomen Museo-Finskt Museu<\/em>m 2024 ilmestyi toukokuussa 2025 teemalla <a rel=\"noreferrer noopener\" href=\"https:\/\/journal.fi\/suomenmuseo\/article\/view\/147143\" target=\"_blank\">&#8220;Vaikuttava museo&#8221;. <\/a><\/p>\n\n\n\n<div style=\"height:0px\" aria-hidden=\"true\" class=\"wp-block-spacer\"><\/div>\n\n\n\n<div style=\"height:0px\" aria-hidden=\"true\" class=\"wp-block-spacer\"><\/div>\n\n\n\n<p>Vuoden 2023 vuosikirja ilmestyi helmikuussa 2024 teemalla <a rel=\"noreferrer noopener\" href=\"https:\/\/journal.fi\/suomenmuseo\/issue\/view\/10880\" target=\"_blank\">\u201dS\u00e4hk\u00f6\u00e4 ilmassa: digitaaliset perint\u00f6mme\u201d<\/a>.<\/p>\n\n\n\n<p>Vuoden 2022 vuosikirja keskittyi taidehistorian alan Kuvakalske-tutkimushankkeeseen otsikolla <a href=\"https:\/\/journal.fi\/suomenmuseo\/issue\/view\/9079\" target=\"_blank\" rel=\"noreferrer noopener\">&#8220;Fragmentaarisuus ja muodonmuutokset&#8221;<\/a>.<\/p>\n\n\n\n<p>Julkaisut ovat luettavissa vapaasti <a rel=\"noreferrer noopener\" href=\"https:\/\/journal.fi\/suomenmuseo\/issue\/archive\" target=\"_blank\">Journal<\/a>-sivustolta ja saatavilla painettuna <a rel=\"noreferrer noopener\" href=\"https:\/\/tiedekirja.fi\/fi\/suomen-museo-finskt-museum-2022\" target=\"_blank\">Tiedekirjasta<\/a>.<\/p>\n\n\n\n<figure class=\"wp-block-gallery has-nested-images columns-default is-cropped wp-block-gallery-3 is-layout-flex\">\n<figure class=\"wp-block-image size-large\"><img decoding=\"async\" loading=\"lazy\" width=\"488\" height=\"700\" data-id=\"1203\"  src=\"https:\/\/www.muinaismuistoyhdistys.fi\/wp-content\/uploads\/2024\/02\/38529-1.jpg\" alt=\"\" class=\"wp-image-1203\" srcset=\"https:\/\/www.muinaismuistoyhdistys.fi\/wp-content\/uploads\/2024\/02\/38529-1.jpg 488w, https:\/\/www.muinaismuistoyhdistys.fi\/wp-content\/uploads\/2024\/02\/38529-1-209x300.jpg 209w\" sizes=\"(max-width: 488px) 100vw, 488px\" \/><\/figure>\n\n\n\n<figure class=\"wp-block-image size-large\"><img decoding=\"async\" loading=\"lazy\" width=\"490\" height=\"700\" data-id=\"1200\"  src=\"https:\/\/www.muinaismuistoyhdistys.fi\/wp-content\/uploads\/2024\/02\/SM-FM-2023-b.jpg\" alt=\"\" class=\"wp-image-1200\" srcset=\"https:\/\/www.muinaismuistoyhdistys.fi\/wp-content\/uploads\/2024\/02\/SM-FM-2023-b.jpg 490w, https:\/\/www.muinaismuistoyhdistys.fi\/wp-content\/uploads\/2024\/02\/SM-FM-2023-b-210x300.jpg 210w\" sizes=\"(max-width: 490px) 100vw, 490px\" \/><\/figure>\n\n\n\n<figure class=\"wp-block-image size-large\"><img decoding=\"async\" loading=\"lazy\" width=\"479\" height=\"704\" data-id=\"1485\"  src=\"https:\/\/www.muinaismuistoyhdistys.fi\/wp-content\/uploads\/2025\/05\/SM-FM-2024-KANSIKUVA.jpg\" alt=\"\" class=\"wp-image-1485\" srcset=\"https:\/\/www.muinaismuistoyhdistys.fi\/wp-content\/uploads\/2025\/05\/SM-FM-2024-KANSIKUVA.jpg 479w, https:\/\/www.muinaismuistoyhdistys.fi\/wp-content\/uploads\/2025\/05\/SM-FM-2024-KANSIKUVA-204x300.jpg 204w\" sizes=\"(max-width: 479px) 100vw, 479px\" \/><\/figure>\n<\/figure>\n","protected":false},"excerpt":{"rendered":"<p>Pohjoismaiden vanhimpiin antikvaarisiin julkaisuihin kuuluva&nbsp;Suomen Museo-Finskt Museum&nbsp;julkaisee&nbsp;vertaisarvioituja&nbsp;tutkimusartikkeleita sek\u00e4 katsauksia, kirja- ja n\u00e4yttelyarvioita, matkakertomuksia, haastatteluja ja ajankohtaisia puheenvuoroja kulttuuriperinn\u00f6n tutkimuksen aloilta, joihin kuuluvat muun muassa arkeologia, etnologia, taidehistoria ja museologia. Julkaisukielet ovat suomi, ruotsi ja englanti.&nbsp;SM-FM&nbsp;vaalii kotimaisten kielten kehityst\u00e4 tieteen kielin\u00e4 ja auttaa tutkimusartikkeliensa kirjoittajia m\u00e4\u00e4rittelem\u00e4\u00e4n keskeiset k\u00e4sitteens\u00e4&nbsp;Tieteen termipankissa. Vuonna 1894 perustetut&nbsp;Suomen Museo&nbsp;(julkaisuluettelo) ja&nbsp;Finskt Museum&nbsp;(julkaisuluettelo) ilmestyiv\u00e4t [&hellip;]<\/p>\n","protected":false},"author":1,"featured_media":0,"parent":63,"menu_order":0,"comment_status":"closed","ping_status":"closed","template":"","meta":[],"_links":{"self":[{"href":"https:\/\/www.muinaismuistoyhdistys.fi\/index.php\/wp-json\/wp\/v2\/pages\/305"}],"collection":[{"href":"https:\/\/www.muinaismuistoyhdistys.fi\/index.php\/wp-json\/wp\/v2\/pages"}],"about":[{"href":"https:\/\/www.muinaismuistoyhdistys.fi\/index.php\/wp-json\/wp\/v2\/types\/page"}],"author":[{"embeddable":true,"href":"https:\/\/www.muinaismuistoyhdistys.fi\/index.php\/wp-json\/wp\/v2\/users\/1"}],"replies":[{"embeddable":true,"href":"https:\/\/www.muinaismuistoyhdistys.fi\/index.php\/wp-json\/wp\/v2\/comments?post=305"}],"version-history":[{"count":34,"href":"https:\/\/www.muinaismuistoyhdistys.fi\/index.php\/wp-json\/wp\/v2\/pages\/305\/revisions"}],"predecessor-version":[{"id":1585,"href":"https:\/\/www.muinaismuistoyhdistys.fi\/index.php\/wp-json\/wp\/v2\/pages\/305\/revisions\/1585"}],"up":[{"embeddable":true,"href":"https:\/\/www.muinaismuistoyhdistys.fi\/index.php\/wp-json\/wp\/v2\/pages\/63"}],"wp:attachment":[{"href":"https:\/\/www.muinaismuistoyhdistys.fi\/index.php\/wp-json\/wp\/v2\/media?parent=305"}],"curies":[{"name":"wp","href":"https:\/\/api.w.org\/{rel}","templated":true}]}}