{"id":296,"date":"2021-10-22T21:20:14","date_gmt":"2021-10-22T18:20:14","guid":{"rendered":"http:\/\/www.muinaismuistoyhdistys.fi\/uudetsivut\/?page_id=296"},"modified":"2022-02-01T12:50:25","modified_gmt":"2022-02-01T09:50:25","slug":"muinaismuistosaatio-2","status":"publish","type":"page","link":"https:\/\/www.muinaismuistoyhdistys.fi\/index.php\/toiminta\/muinaismuistosaatio-2\/","title":{"rendered":"Muinaismuistos\u00e4\u00e4ti\u00f6"},"content":{"rendered":"\n<p>Suomen Muinaismuistoyhdistyksen toiminnan tueksi perustettiin vuonna 2013\u00a0<a rel=\"noreferrer noopener\" href=\"https:\/\/eur03.safelinks.protection.outlook.com\/?url=https%3A%2F%2Fmuinaismuistosaatio.fi%2F&amp;data=04%7C01%7C%7C9da8864097b94c6f100408d9bee57e14%7Ce9662d58caa44bc1b138c8b1acab5a11%7C1%7C0%7C637750716208994121%7CUnknown%7CTWFpbGZsb3d8eyJWIjoiMC4wLjAwMDAiLCJQIjoiV2luMzIiLCJBTiI6Ik1haWwiLCJXVCI6Mn0%3D%7C3000&amp;sdata=UNJhbwPHM7zc2KTS9EKhQpekhyLT8gVD5Q5WtB2xrtw%3D&amp;reserved=0\" target=\"_blank\">Suomen Muinaismuistos\u00e4\u00e4ti\u00f6<\/a>. Muinaismuistos\u00e4\u00e4ti\u00f6n pohjana on sisarusten, Lilly ja Hugo von Heidemanin lahjoitus Suomen Muinaismuistoyhdistykselle. Uraj\u00e4rjen kartano siirtyi yhdistyksen omistukseen lopullisesti testamentilla vuonna 1917, ja sen maihin kuului my\u00f6s 85 hehtaarin mets\u00e4palsta. Mets\u00e4palsta pysyi osana yhdistyksen omaisuutta kartanomuseon siirrytty\u00e4 vuonna 1986 muodollisella kaupalla valtion haltuun ja Museoviraston hoitoon. Nyky\u00e4\u00e4n <a href=\"https:\/\/urajarvenkartanonystavat.fi\/\">Uraj\u00e4rven kartanon museotoimintaa <\/a>hoitaa paikallinen yhdistys. <\/p>\n\n\n\n<p>Vuonna 2013 Muinaismuistoyhdistys siirsi Uraj\u00e4rven mets\u00e4palstan Muinaismuistos\u00e4\u00e4ti\u00f6n haltuun. Vuodesta 2015 l\u00e4htien s\u00e4\u00e4ti\u00f6 on omaisuuden tuotolla jakanut\u00a0<a rel=\"noreferrer noopener\" href=\"https:\/\/eur03.safelinks.protection.outlook.com\/?url=https%3A%2F%2Fmuinaismuistosaatio.fi%2Favustukset%2F&amp;data=04%7C01%7C%7C9da8864097b94c6f100408d9bee57e14%7Ce9662d58caa44bc1b138c8b1acab5a11%7C1%7C0%7C637750716209004123%7CUnknown%7CTWFpbGZsb3d8eyJWIjoiMC4wLjAwMDAiLCJQIjoiV2luMzIiLCJBTiI6Ik1haWwiLCJXVCI6Mn0%3D%7C3000&amp;sdata=EKWZTgYeG%2FVAkaNylc0x136lx%2FxM1N0c7BD%2B5lkZG%2FE%3D&amp;reserved=0\" target=\"_blank\">avustuksia<\/a>\u00a0arkeologisen, kansatieteellisen ja taidehistoriallisen tutkimuksen julkaisemiseen, popularisointiin ja levitt\u00e4miseen. Testamenttilahjoituksen kautta voit tukea kulttuuriperinn\u00f6n tutkimuksen julkaisutoimintaa. Lis\u00e4\u00e4 tietoa testamenttilahjoituksista l\u00f6yd\u00e4t <a href=\"https:\/\/muinaismuistosaatio.fi\/\">t\u00e4\u00e4lt\u00e4<\/a>. <\/p>\n\n\n\n<div class=\"wp-block-image\"><figure class=\"aligncenter size-large\"><img decoding=\"async\" loading=\"lazy\" width=\"1024\" height=\"774\" src=\"http:\/\/www.muinaismuistoyhdistys.fi\/wp-content\/uploads\/2021\/10\/Uraja\u0308rvi_1913_Brander-1024x774.jpg\" alt=\"\" class=\"wp-image-348\" srcset=\"https:\/\/www.muinaismuistoyhdistys.fi\/wp-content\/uploads\/2021\/10\/Uraja\u0308rvi_1913_Brander-1024x774.jpg 1024w, https:\/\/www.muinaismuistoyhdistys.fi\/wp-content\/uploads\/2021\/10\/Uraja\u0308rvi_1913_Brander-300x227.jpg 300w, https:\/\/www.muinaismuistoyhdistys.fi\/wp-content\/uploads\/2021\/10\/Uraja\u0308rvi_1913_Brander-768x580.jpg 768w, https:\/\/www.muinaismuistoyhdistys.fi\/wp-content\/uploads\/2021\/10\/Uraja\u0308rvi_1913_Brander-676x511.jpg 676w, https:\/\/www.muinaismuistoyhdistys.fi\/wp-content\/uploads\/2021\/10\/Uraja\u0308rvi_1913_Brander.jpg 1200w\" sizes=\"(max-width: 1024px) 100vw, 1024px\" \/><figcaption>Uraj\u00e4rven kartanon p\u00e4\u00e4rakennus 1913 Signe Branderin kuvaamana.<\/figcaption><\/figure><\/div>\n","protected":false},"excerpt":{"rendered":"<p>Suomen Muinaismuistoyhdistyksen toiminnan tueksi perustettiin vuonna 2013\u00a0Suomen Muinaismuistos\u00e4\u00e4ti\u00f6. Muinaismuistos\u00e4\u00e4ti\u00f6n pohjana on sisarusten, Lilly ja Hugo von Heidemanin lahjoitus Suomen Muinaismuistoyhdistykselle. Uraj\u00e4rjen kartano siirtyi yhdistyksen omistukseen lopullisesti testamentilla vuonna 1917, ja sen maihin kuului my\u00f6s 85 hehtaarin mets\u00e4palsta. Mets\u00e4palsta pysyi osana yhdistyksen omaisuutta kartanomuseon siirrytty\u00e4 vuonna 1986 muodollisella kaupalla valtion haltuun ja Museoviraston hoitoon. Nyky\u00e4\u00e4n Uraj\u00e4rven [&hellip;]<\/p>\n","protected":false},"author":1,"featured_media":0,"parent":35,"menu_order":0,"comment_status":"closed","ping_status":"closed","template":"","meta":[],"_links":{"self":[{"href":"https:\/\/www.muinaismuistoyhdistys.fi\/index.php\/wp-json\/wp\/v2\/pages\/296"}],"collection":[{"href":"https:\/\/www.muinaismuistoyhdistys.fi\/index.php\/wp-json\/wp\/v2\/pages"}],"about":[{"href":"https:\/\/www.muinaismuistoyhdistys.fi\/index.php\/wp-json\/wp\/v2\/types\/page"}],"author":[{"embeddable":true,"href":"https:\/\/www.muinaismuistoyhdistys.fi\/index.php\/wp-json\/wp\/v2\/users\/1"}],"replies":[{"embeddable":true,"href":"https:\/\/www.muinaismuistoyhdistys.fi\/index.php\/wp-json\/wp\/v2\/comments?post=296"}],"version-history":[{"count":5,"href":"https:\/\/www.muinaismuistoyhdistys.fi\/index.php\/wp-json\/wp\/v2\/pages\/296\/revisions"}],"predecessor-version":[{"id":600,"href":"https:\/\/www.muinaismuistoyhdistys.fi\/index.php\/wp-json\/wp\/v2\/pages\/296\/revisions\/600"}],"up":[{"embeddable":true,"href":"https:\/\/www.muinaismuistoyhdistys.fi\/index.php\/wp-json\/wp\/v2\/pages\/35"}],"wp:attachment":[{"href":"https:\/\/www.muinaismuistoyhdistys.fi\/index.php\/wp-json\/wp\/v2\/media?parent=296"}],"curies":[{"name":"wp","href":"https:\/\/api.w.org\/{rel}","templated":true}]}}